{"id":5412,"date":"2024-11-26T13:18:53","date_gmt":"2024-11-26T12:18:53","guid":{"rendered":"https:\/\/chiemsee-yachting.com\/pie-de-imprenta\/"},"modified":"2024-11-26T13:18:54","modified_gmt":"2024-11-26T12:18:54","slug":"pie-de-imprenta","status":"publish","type":"page","link":"https:\/\/chiemsee-yachting.com\/es\/pie-de-imprenta\/","title":{"rendered":"Pie de imprenta"},"content":{"rendered":"\t\t<div data-elementor-type=\"wp-page\" data-elementor-id=\"5412\" class=\"elementor elementor-5412 elementor-665\" data-elementor-post-type=\"page\">\n\t\t\t\t\t\t<section class=\"elementor-section elementor-top-section elementor-element elementor-element-457840d1 elementor-section-boxed elementor-section-height-default elementor-section-height-default\" data-id=\"457840d1\" data-element_type=\"section\" data-e-type=\"section\">\n\t\t\t\t\t\t<div class=\"elementor-container elementor-column-gap-default\">\n\t\t\t\t\t<div class=\"elementor-column elementor-col-100 elementor-top-column elementor-element elementor-element-395a6fac\" data-id=\"395a6fac\" data-element_type=\"column\" data-e-type=\"column\">\n\t\t\t<div class=\"elementor-widget-wrap elementor-element-populated\">\n\t\t\t\t\t\t<div class=\"elementor-element elementor-element-75cb9bd elementor-widget elementor-widget-heading\" data-id=\"75cb9bd\" data-element_type=\"widget\" data-e-type=\"widget\" data-widget_type=\"heading.default\">\n\t\t\t\t\t<h1 class=\"elementor-heading-title elementor-size-default\">Pie de imprenta<\/h1>\t\t\t\t<\/div>\n\t\t\t\t\t<\/div>\n\t\t<\/div>\n\t\t\t\t\t<\/div>\n\t\t<\/section>\n\t\t\t\t<section class=\"elementor-section elementor-top-section elementor-element elementor-element-c5d47ed elementor-section-boxed elementor-section-height-default elementor-section-height-default\" data-id=\"c5d47ed\" data-element_type=\"section\" data-e-type=\"section\">\n\t\t\t\t\t\t<div class=\"elementor-container elementor-column-gap-default\">\n\t\t\t\t\t<div class=\"elementor-column elementor-col-100 elementor-top-column elementor-element elementor-element-f90861b\" data-id=\"f90861b\" data-element_type=\"column\" data-e-type=\"column\">\n\t\t\t<div class=\"elementor-widget-wrap elementor-element-populated\">\n\t\t\t\t\t\t<div class=\"elementor-element elementor-element-1ed7c0a elementor-widget elementor-widget-text-editor\" data-id=\"1ed7c0a\" data-element_type=\"widget\" data-e-type=\"widget\" data-widget_type=\"text-editor.default\">\n\t\t\t\t\t\t\t\t\t<p>Chiemsee Yachting St\u00f6tthamer Str. 43 D-83339 Chieming<\/p>\n<p>Tel\u00e9fono: <a href=\"tel:+4986649289971\" target=\"_blank\" rel=\"noopener\">+49 8664 9289971<\/a> Correo electr\u00f3nico:<a href=\"mailto:office@chiemsee-yachting.com\" target=\"_blank\" rel=\"noopener\">office@chiemsee-yachting.com<\/a><\/p>\n<p>Propietario: Robert Hein N\u00famero de identificaci\u00f3n fiscal seg\u00fan el \u00a7 27 a de la ley del impuesto sobre las ventas: UID-No. DE208713382  <\/p>\n<p>Aviso legal\/exenci\u00f3n de responsabilidad\/condiciones de uso: Este sitio web se ha elaborado con sumo cuidado. No obstante, ni el editor ni sus auxiliares ejecutivos pueden aceptar responsabilidad alguna por los inconvenientes o da\u00f1os derivados de la informaci\u00f3n, recomendaciones o consejos proporcionados. <\/p>\n<p>Descargo de responsabilidad: A pesar del cuidadoso control del contenido, no asumimos ninguna responsabilidad por el contenido de los enlaces externos. Los operadores de las p\u00e1ginas enlazadas son los \u00fanicos responsables de su contenido. <\/p>\n<p>Copyright: Todos los derechos reservados, incluidos los de reproducci\u00f3n fotomec\u00e1nica y de datos y almacenamiento en soportes electr\u00f3nicos. La reproducci\u00f3n de contribuciones de texto impreso, fotos y logotipos m\u00e1s all\u00e1 de una sola copia destinada al uso personal requiere nuestra autorizaci\u00f3n por escrito, especialmente para fines comerciales. <\/p>\n\t\t\t\t\t\t\t\t<\/div>\n\t\t\t\t\t<\/div>\n\t\t<\/div>\n\t\t\t\t\t<\/div>\n\t\t<\/section>\n\t\t\t\t<\/div>\n\t\t","protected":false},"excerpt":{"rendered":"<p>Pie de imprenta Chiemsee Yachting St\u00f6tthamer Str. 43 D-83339 Chieming Tel\u00e9fono: +49 8664 9289971 Correo electr\u00f3nico:office@chiemsee-yachting.com Propietario: Robert Hein N\u00famero de identificaci\u00f3n fiscal seg\u00fan el \u00a7 27 a de la ley del impuesto sobre las ventas: UID-No. DE208713382 Aviso legal\/exenci\u00f3n de responsabilidad\/condiciones de uso: Este sitio web se ha elaborado con sumo cuidado. No obstante, [&hellip;]<\/p>\n","protected":false},"author":1,"featured_media":0,"parent":0,"menu_order":0,"comment_status":"closed","ping_status":"open","template":"","meta":{"_acf_changed":false,"site-sidebar-layout":"no-sidebar","site-content-layout":"page-builder","ast-site-content-layout":"full-width-container","site-content-style":"unboxed","site-sidebar-style":"unboxed","ast-global-header-display":"","ast-banner-title-visibility":"","ast-main-header-display":"","ast-hfb-above-header-display":"","ast-hfb-below-header-display":"","ast-hfb-mobile-header-display":"","site-post-title":"disabled","ast-breadcrumbs-content":"","ast-featured-img":"disabled","footer-sml-layout":"","ast-disable-related-posts":"","theme-transparent-header-meta":"enabled","adv-header-id-meta":"","stick-header-meta":"default","header-above-stick-meta":"","header-main-stick-meta":"","header-below-stick-meta":"","astra-migrate-meta-layouts":"default","ast-page-background-enabled":"default","ast-page-background-meta":{"desktop":{"background-color":"","background-image":"","background-repeat":"repeat","background-position":"center center","background-size":"auto","background-attachment":"scroll","background-type":"","background-media":"","overlay-type":"","overlay-color":"","overlay-opacity":"","overlay-gradient":""},"tablet":{"background-color":"","background-image":"","background-repeat":"repeat","background-position":"center center","background-size":"auto","background-attachment":"scroll","background-type":"","background-media":"","overlay-type":"","overlay-color":"","overlay-opacity":"","overlay-gradient":""},"mobile":{"background-color":"","background-image":"","background-repeat":"repeat","background-position":"center center","background-size":"auto","background-attachment":"scroll","background-type":"","background-media":"","overlay-type":"","overlay-color":"","overlay-opacity":"","overlay-gradient":""}},"ast-content-background-meta":{"desktop":{"background-color":"var(--ast-global-color-5)","background-image":"","background-repeat":"repeat","background-position":"center center","background-size":"auto","background-attachment":"scroll","background-type":"","background-media":"","overlay-type":"","overlay-color":"","overlay-opacity":"","overlay-gradient":""},"tablet":{"background-color":"var(--ast-global-color-5)","background-image":"","background-repeat":"repeat","background-position":"center center","background-size":"auto","background-attachment":"scroll","background-type":"","background-media":"","overlay-type":"","overlay-color":"","overlay-opacity":"","overlay-gradient":""},"mobile":{"background-color":"var(--ast-global-color-5)","background-image":"","background-repeat":"repeat","background-position":"center center","background-size":"auto","background-attachment":"scroll","background-type":"","background-media":"","overlay-type":"","overlay-color":"","overlay-opacity":"","overlay-gradient":""}},"footnotes":""},"class_list":["post-5412","page","type-page","status-publish","hentry"],"acf":[],"yoast_head":"<!-- This site is optimized with the Yoast SEO plugin v27.5 - https:\/\/yoast.com\/product\/yoast-seo-wordpress\/ -->\n<title>Pie de imprenta - Chiemsee Yachting<\/title>\n<meta name=\"robots\" content=\"index, follow, max-snippet:-1, max-image-preview:large, max-video-preview:-1\" \/>\n<link rel=\"canonical\" href=\"https:\/\/chiemsee-yachting.com\/es\/pie-de-imprenta\/\" \/>\n<meta property=\"og:locale\" content=\"es_ES\" \/>\n<meta property=\"og:type\" content=\"article\" \/>\n<meta property=\"og:title\" content=\"Pie de imprenta - Chiemsee Yachting\" \/>\n<meta property=\"og:description\" content=\"Pie de imprenta Chiemsee Yachting St\u00f6tthamer Str. 43 D-83339 Chieming Tel\u00e9fono: +49 8664 9289971 Correo electr\u00f3nico:office@chiemsee-yachting.com Propietario: Robert Hein N\u00famero de identificaci\u00f3n fiscal seg\u00fan el \u00a7 27 a de la ley del impuesto sobre las ventas: UID-No. DE208713382 Aviso legal\/exenci\u00f3n de responsabilidad\/condiciones de uso: Este sitio web se ha elaborado con sumo cuidado. No obstante, [&hellip;]\" \/>\n<meta property=\"og:url\" content=\"https:\/\/chiemsee-yachting.com\/es\/pie-de-imprenta\/\" \/>\n<meta property=\"og:site_name\" content=\"Chiemsee Yachting\" \/>\n<meta property=\"article:modified_time\" content=\"2024-11-26T12:18:54+00:00\" \/>\n<meta name=\"twitter:card\" content=\"summary_large_image\" \/>\n<meta name=\"twitter:label1\" content=\"Tiempo de lectura\" \/>\n\t<meta name=\"twitter:data1\" content=\"1 minuto\" \/>\n<script type=\"application\/ld+json\" class=\"yoast-schema-graph\">{\"@context\":\"https:\\\/\\\/schema.org\",\"@graph\":[{\"@type\":\"WebPage\",\"@id\":\"https:\\\/\\\/chiemsee-yachting.com\\\/es\\\/pie-de-imprenta\\\/\",\"url\":\"https:\\\/\\\/chiemsee-yachting.com\\\/es\\\/pie-de-imprenta\\\/\",\"name\":\"Pie de imprenta - Chiemsee Yachting\",\"isPartOf\":{\"@id\":\"https:\\\/\\\/chiemsee-yachting.com\\\/es\\\/#website\"},\"datePublished\":\"2024-11-26T12:18:53+00:00\",\"dateModified\":\"2024-11-26T12:18:54+00:00\",\"breadcrumb\":{\"@id\":\"https:\\\/\\\/chiemsee-yachting.com\\\/es\\\/pie-de-imprenta\\\/#breadcrumb\"},\"inLanguage\":\"es\",\"potentialAction\":[{\"@type\":\"ReadAction\",\"target\":[\"https:\\\/\\\/chiemsee-yachting.com\\\/es\\\/pie-de-imprenta\\\/\"]}]},{\"@type\":\"BreadcrumbList\",\"@id\":\"https:\\\/\\\/chiemsee-yachting.com\\\/es\\\/pie-de-imprenta\\\/#breadcrumb\",\"itemListElement\":[{\"@type\":\"ListItem\",\"position\":1,\"name\":\"Home\",\"item\":\"https:\\\/\\\/chiemsee-yachting.com\\\/es\\\/inicio\\\/\"},{\"@type\":\"ListItem\",\"position\":2,\"name\":\"Pie de imprenta\"}]},{\"@type\":\"WebSite\",\"@id\":\"https:\\\/\\\/chiemsee-yachting.com\\\/es\\\/#website\",\"url\":\"https:\\\/\\\/chiemsee-yachting.com\\\/es\\\/\",\"name\":\"Chiemsee Yachting\",\"description\":\"\",\"potentialAction\":[{\"@type\":\"SearchAction\",\"target\":{\"@type\":\"EntryPoint\",\"urlTemplate\":\"https:\\\/\\\/chiemsee-yachting.com\\\/es\\\/?s={search_term_string}\"},\"query-input\":{\"@type\":\"PropertyValueSpecification\",\"valueRequired\":true,\"valueName\":\"search_term_string\"}}],\"inLanguage\":\"es\"}]}<\/script>\n<!-- \/ Yoast SEO plugin. -->","yoast_head_json":{"title":"Pie de imprenta - Chiemsee Yachting","robots":{"index":"index","follow":"follow","max-snippet":"max-snippet:-1","max-image-preview":"max-image-preview:large","max-video-preview":"max-video-preview:-1"},"canonical":"https:\/\/chiemsee-yachting.com\/es\/pie-de-imprenta\/","og_locale":"es_ES","og_type":"article","og_title":"Pie de imprenta - Chiemsee Yachting","og_description":"Pie de imprenta Chiemsee Yachting St\u00f6tthamer Str. 43 D-83339 Chieming Tel\u00e9fono: +49 8664 9289971 Correo electr\u00f3nico:office@chiemsee-yachting.com Propietario: Robert Hein N\u00famero de identificaci\u00f3n fiscal seg\u00fan el \u00a7 27 a de la ley del impuesto sobre las ventas: UID-No. DE208713382 Aviso legal\/exenci\u00f3n de responsabilidad\/condiciones de uso: Este sitio web se ha elaborado con sumo cuidado. No obstante, [&hellip;]","og_url":"https:\/\/chiemsee-yachting.com\/es\/pie-de-imprenta\/","og_site_name":"Chiemsee Yachting","article_modified_time":"2024-11-26T12:18:54+00:00","twitter_card":"summary_large_image","twitter_misc":{"Tiempo de lectura":"1 minuto"},"schema":{"@context":"https:\/\/schema.org","@graph":[{"@type":"WebPage","@id":"https:\/\/chiemsee-yachting.com\/es\/pie-de-imprenta\/","url":"https:\/\/chiemsee-yachting.com\/es\/pie-de-imprenta\/","name":"Pie de imprenta - Chiemsee Yachting","isPartOf":{"@id":"https:\/\/chiemsee-yachting.com\/es\/#website"},"datePublished":"2024-11-26T12:18:53+00:00","dateModified":"2024-11-26T12:18:54+00:00","breadcrumb":{"@id":"https:\/\/chiemsee-yachting.com\/es\/pie-de-imprenta\/#breadcrumb"},"inLanguage":"es","potentialAction":[{"@type":"ReadAction","target":["https:\/\/chiemsee-yachting.com\/es\/pie-de-imprenta\/"]}]},{"@type":"BreadcrumbList","@id":"https:\/\/chiemsee-yachting.com\/es\/pie-de-imprenta\/#breadcrumb","itemListElement":[{"@type":"ListItem","position":1,"name":"Home","item":"https:\/\/chiemsee-yachting.com\/es\/inicio\/"},{"@type":"ListItem","position":2,"name":"Pie de imprenta"}]},{"@type":"WebSite","@id":"https:\/\/chiemsee-yachting.com\/es\/#website","url":"https:\/\/chiemsee-yachting.com\/es\/","name":"Chiemsee Yachting","description":"","potentialAction":[{"@type":"SearchAction","target":{"@type":"EntryPoint","urlTemplate":"https:\/\/chiemsee-yachting.com\/es\/?s={search_term_string}"},"query-input":{"@type":"PropertyValueSpecification","valueRequired":true,"valueName":"search_term_string"}}],"inLanguage":"es"}]}},"_links":{"self":[{"href":"https:\/\/chiemsee-yachting.com\/es\/wp-json\/wp\/v2\/pages\/5412","targetHints":{"allow":["GET"]}}],"collection":[{"href":"https:\/\/chiemsee-yachting.com\/es\/wp-json\/wp\/v2\/pages"}],"about":[{"href":"https:\/\/chiemsee-yachting.com\/es\/wp-json\/wp\/v2\/types\/page"}],"author":[{"embeddable":true,"href":"https:\/\/chiemsee-yachting.com\/es\/wp-json\/wp\/v2\/users\/1"}],"replies":[{"embeddable":true,"href":"https:\/\/chiemsee-yachting.com\/es\/wp-json\/wp\/v2\/comments?post=5412"}],"version-history":[{"count":1,"href":"https:\/\/chiemsee-yachting.com\/es\/wp-json\/wp\/v2\/pages\/5412\/revisions"}],"predecessor-version":[{"id":5413,"href":"https:\/\/chiemsee-yachting.com\/es\/wp-json\/wp\/v2\/pages\/5412\/revisions\/5413"}],"wp:attachment":[{"href":"https:\/\/chiemsee-yachting.com\/es\/wp-json\/wp\/v2\/media?parent=5412"}],"curies":[{"name":"wp","href":"https:\/\/api.w.org\/{rel}","templated":true}]}}