{"id":5406,"date":"2024-11-26T13:18:45","date_gmt":"2024-11-26T12:18:45","guid":{"rendered":"https:\/\/chiemsee-yachting.com\/mentions-legales\/"},"modified":"2024-11-26T13:18:47","modified_gmt":"2024-11-26T12:18:47","slug":"mentions-legales","status":"publish","type":"page","link":"https:\/\/chiemsee-yachting.com\/fr\/mentions-legales\/","title":{"rendered":"Mentions l\u00e9gales"},"content":{"rendered":"\t\t<div data-elementor-type=\"wp-page\" data-elementor-id=\"5406\" class=\"elementor elementor-5406 elementor-665\" data-elementor-post-type=\"page\">\n\t\t\t\t\t\t<section class=\"elementor-section elementor-top-section elementor-element elementor-element-457840d1 elementor-section-boxed elementor-section-height-default elementor-section-height-default\" data-id=\"457840d1\" data-element_type=\"section\" data-e-type=\"section\">\n\t\t\t\t\t\t<div class=\"elementor-container elementor-column-gap-default\">\n\t\t\t\t\t<div class=\"elementor-column elementor-col-100 elementor-top-column elementor-element elementor-element-395a6fac\" data-id=\"395a6fac\" data-element_type=\"column\" data-e-type=\"column\">\n\t\t\t<div class=\"elementor-widget-wrap elementor-element-populated\">\n\t\t\t\t\t\t<div class=\"elementor-element elementor-element-75cb9bd elementor-widget elementor-widget-heading\" data-id=\"75cb9bd\" data-element_type=\"widget\" data-e-type=\"widget\" data-widget_type=\"heading.default\">\n\t\t\t\t\t<h1 class=\"elementor-heading-title elementor-size-default\">Mentions l\u00e9gales<\/h1>\t\t\t\t<\/div>\n\t\t\t\t\t<\/div>\n\t\t<\/div>\n\t\t\t\t\t<\/div>\n\t\t<\/section>\n\t\t\t\t<section class=\"elementor-section elementor-top-section elementor-element elementor-element-c5d47ed elementor-section-boxed elementor-section-height-default elementor-section-height-default\" data-id=\"c5d47ed\" data-element_type=\"section\" data-e-type=\"section\">\n\t\t\t\t\t\t<div class=\"elementor-container elementor-column-gap-default\">\n\t\t\t\t\t<div class=\"elementor-column elementor-col-100 elementor-top-column elementor-element elementor-element-f90861b\" data-id=\"f90861b\" data-element_type=\"column\" data-e-type=\"column\">\n\t\t\t<div class=\"elementor-widget-wrap elementor-element-populated\">\n\t\t\t\t\t\t<div class=\"elementor-element elementor-element-1ed7c0a elementor-widget elementor-widget-text-editor\" data-id=\"1ed7c0a\" data-element_type=\"widget\" data-e-type=\"widget\" data-widget_type=\"text-editor.default\">\n\t\t\t\t\t\t\t\t\t<p>Chiemsee Yachting<br \/>St\u00f6tthamer Str. 43<br \/>D-83339 Chieming<\/p>\n<p>T\u00e9l\u00e9phone : <a href=\"tel:+4986649289971\" target=\"_blank\" rel=\"noopener\">+49 8664 9289971<\/a><br \/>E-mail : <a href=\"mailto:office@chiemsee-yachting.com\" target=\"_blank\" rel=\"noopener\">office@chiemsee-yachting.com<\/a><\/p>\n<p>Propri\u00e9taire : Robert Hein<br \/>Num\u00e9ro d&rsquo;identification de la taxe sur le chiffre d&rsquo;affaires conform\u00e9ment au \u00a7 27 a de la loi sur la taxe sur le chiffre d&rsquo;affaires :<br \/>N\u00b0 UID DE208713382  <\/p>\n<p>Informations juridiques\/exclusion de responsabilit\u00e9\/conditions d&rsquo;utilisation :<br \/>Cette offre Internet a \u00e9t\u00e9 \u00e9labor\u00e9e avec soin. N\u00e9anmoins, ni l&rsquo;\u00e9diteur ni ses auxiliaires d&rsquo;ex\u00e9cution ne peuvent \u00eatre tenus responsables d&rsquo;\u00e9ventuels inconv\u00e9nients ou dommages r\u00e9sultant des informations, recommandations ou indications fournies. <\/p>\n<p>Clause de responsabilit\u00e9 :<br \/>Malgr\u00e9 un contr\u00f4le minutieux du contenu, nous n&rsquo;assumons aucune responsabilit\u00e9 pour le contenu des liens externes. Seuls les exploitants de ces sites sont responsables de leur contenu. <\/p>\n<p>Copyright :<br \/>Tous droits r\u00e9serv\u00e9s, y compris ceux de reproduction photom\u00e9canique et informatique et de stockage dans des m\u00e9dias \u00e9lectroniques. La reproduction de textes imprim\u00e9s, de photos et de logos au-del\u00e0 d&rsquo;un seul exemplaire destin\u00e9 \u00e0 un usage personnel, en particulier \u00e0 des fins commerciales, n\u00e9cessite notre autorisation \u00e9crite. <\/p>\n\t\t\t\t\t\t\t\t<\/div>\n\t\t\t\t\t<\/div>\n\t\t<\/div>\n\t\t\t\t\t<\/div>\n\t\t<\/section>\n\t\t\t\t<\/div>\n\t\t","protected":false},"excerpt":{"rendered":"<p>Mentions l\u00e9gales Chiemsee YachtingSt\u00f6tthamer Str. 43D-83339 Chieming T\u00e9l\u00e9phone : +49 8664 9289971E-mail : office@chiemsee-yachting.com Propri\u00e9taire : Robert HeinNum\u00e9ro d&rsquo;identification de la taxe sur le chiffre d&rsquo;affaires conform\u00e9ment au \u00a7 27 a de la loi sur la taxe sur le chiffre d&rsquo;affaires :N\u00b0 UID DE208713382 Informations juridiques\/exclusion de responsabilit\u00e9\/conditions d&rsquo;utilisation :Cette offre Internet a \u00e9t\u00e9 \u00e9labor\u00e9e [&hellip;]<\/p>\n","protected":false},"author":1,"featured_media":0,"parent":0,"menu_order":0,"comment_status":"closed","ping_status":"open","template":"","meta":{"_acf_changed":false,"site-sidebar-layout":"no-sidebar","site-content-layout":"page-builder","ast-site-content-layout":"full-width-container","site-content-style":"unboxed","site-sidebar-style":"unboxed","ast-global-header-display":"","ast-banner-title-visibility":"","ast-main-header-display":"","ast-hfb-above-header-display":"","ast-hfb-below-header-display":"","ast-hfb-mobile-header-display":"","site-post-title":"disabled","ast-breadcrumbs-content":"","ast-featured-img":"disabled","footer-sml-layout":"","ast-disable-related-posts":"","theme-transparent-header-meta":"enabled","adv-header-id-meta":"","stick-header-meta":"default","header-above-stick-meta":"","header-main-stick-meta":"","header-below-stick-meta":"","astra-migrate-meta-layouts":"default","ast-page-background-enabled":"default","ast-page-background-meta":{"desktop":{"background-color":"","background-image":"","background-repeat":"repeat","background-position":"center center","background-size":"auto","background-attachment":"scroll","background-type":"","background-media":"","overlay-type":"","overlay-color":"","overlay-opacity":"","overlay-gradient":""},"tablet":{"background-color":"","background-image":"","background-repeat":"repeat","background-position":"center center","background-size":"auto","background-attachment":"scroll","background-type":"","background-media":"","overlay-type":"","overlay-color":"","overlay-opacity":"","overlay-gradient":""},"mobile":{"background-color":"","background-image":"","background-repeat":"repeat","background-position":"center center","background-size":"auto","background-attachment":"scroll","background-type":"","background-media":"","overlay-type":"","overlay-color":"","overlay-opacity":"","overlay-gradient":""}},"ast-content-background-meta":{"desktop":{"background-color":"var(--ast-global-color-5)","background-image":"","background-repeat":"repeat","background-position":"center center","background-size":"auto","background-attachment":"scroll","background-type":"","background-media":"","overlay-type":"","overlay-color":"","overlay-opacity":"","overlay-gradient":""},"tablet":{"background-color":"var(--ast-global-color-5)","background-image":"","background-repeat":"repeat","background-position":"center center","background-size":"auto","background-attachment":"scroll","background-type":"","background-media":"","overlay-type":"","overlay-color":"","overlay-opacity":"","overlay-gradient":""},"mobile":{"background-color":"var(--ast-global-color-5)","background-image":"","background-repeat":"repeat","background-position":"center center","background-size":"auto","background-attachment":"scroll","background-type":"","background-media":"","overlay-type":"","overlay-color":"","overlay-opacity":"","overlay-gradient":""}},"footnotes":""},"class_list":["post-5406","page","type-page","status-publish","hentry"],"acf":[],"yoast_head":"<!-- This site is optimized with the Yoast SEO plugin v27.5 - https:\/\/yoast.com\/product\/yoast-seo-wordpress\/ -->\n<title>Mentions l\u00e9gales - Chiemsee Yachting<\/title>\n<meta name=\"robots\" content=\"index, follow, max-snippet:-1, max-image-preview:large, max-video-preview:-1\" \/>\n<link rel=\"canonical\" href=\"https:\/\/chiemsee-yachting.com\/fr\/mentions-legales\/\" \/>\n<meta property=\"og:locale\" content=\"fr_FR\" \/>\n<meta property=\"og:type\" content=\"article\" \/>\n<meta property=\"og:title\" content=\"Mentions l\u00e9gales - Chiemsee Yachting\" \/>\n<meta property=\"og:description\" content=\"Mentions l\u00e9gales Chiemsee YachtingSt\u00f6tthamer Str. 43D-83339 Chieming T\u00e9l\u00e9phone : +49 8664 9289971E-mail : office@chiemsee-yachting.com Propri\u00e9taire : Robert HeinNum\u00e9ro d&rsquo;identification de la taxe sur le chiffre d&rsquo;affaires conform\u00e9ment au \u00a7 27 a de la loi sur la taxe sur le chiffre d&rsquo;affaires :N\u00b0 UID DE208713382 Informations juridiques\/exclusion de responsabilit\u00e9\/conditions d&rsquo;utilisation :Cette offre Internet a \u00e9t\u00e9 \u00e9labor\u00e9e [&hellip;]\" \/>\n<meta property=\"og:url\" content=\"https:\/\/chiemsee-yachting.com\/fr\/mentions-legales\/\" \/>\n<meta property=\"og:site_name\" content=\"Chiemsee Yachting\" \/>\n<meta property=\"article:modified_time\" content=\"2024-11-26T12:18:47+00:00\" \/>\n<meta name=\"twitter:card\" content=\"summary_large_image\" \/>\n<meta name=\"twitter:label1\" content=\"Dur\u00e9e de lecture estim\u00e9e\" \/>\n\t<meta name=\"twitter:data1\" content=\"1 minute\" \/>\n<script type=\"application\/ld+json\" class=\"yoast-schema-graph\">{\"@context\":\"https:\\\/\\\/schema.org\",\"@graph\":[{\"@type\":\"WebPage\",\"@id\":\"https:\\\/\\\/chiemsee-yachting.com\\\/fr\\\/mentions-legales\\\/\",\"url\":\"https:\\\/\\\/chiemsee-yachting.com\\\/fr\\\/mentions-legales\\\/\",\"name\":\"Mentions l\u00e9gales - Chiemsee Yachting\",\"isPartOf\":{\"@id\":\"https:\\\/\\\/chiemsee-yachting.com\\\/fr\\\/#website\"},\"datePublished\":\"2024-11-26T12:18:45+00:00\",\"dateModified\":\"2024-11-26T12:18:47+00:00\",\"breadcrumb\":{\"@id\":\"https:\\\/\\\/chiemsee-yachting.com\\\/fr\\\/mentions-legales\\\/#breadcrumb\"},\"inLanguage\":\"fr-FR\",\"potentialAction\":[{\"@type\":\"ReadAction\",\"target\":[\"https:\\\/\\\/chiemsee-yachting.com\\\/fr\\\/mentions-legales\\\/\"]}]},{\"@type\":\"BreadcrumbList\",\"@id\":\"https:\\\/\\\/chiemsee-yachting.com\\\/fr\\\/mentions-legales\\\/#breadcrumb\",\"itemListElement\":[{\"@type\":\"ListItem\",\"position\":1,\"name\":\"Home\",\"item\":\"https:\\\/\\\/chiemsee-yachting.com\\\/fr\\\/accueil\\\/\"},{\"@type\":\"ListItem\",\"position\":2,\"name\":\"Mentions l\u00e9gales\"}]},{\"@type\":\"WebSite\",\"@id\":\"https:\\\/\\\/chiemsee-yachting.com\\\/fr\\\/#website\",\"url\":\"https:\\\/\\\/chiemsee-yachting.com\\\/fr\\\/\",\"name\":\"Chiemsee Yachting\",\"description\":\"\",\"potentialAction\":[{\"@type\":\"SearchAction\",\"target\":{\"@type\":\"EntryPoint\",\"urlTemplate\":\"https:\\\/\\\/chiemsee-yachting.com\\\/fr\\\/?s={search_term_string}\"},\"query-input\":{\"@type\":\"PropertyValueSpecification\",\"valueRequired\":true,\"valueName\":\"search_term_string\"}}],\"inLanguage\":\"fr-FR\"}]}<\/script>\n<!-- \/ Yoast SEO plugin. -->","yoast_head_json":{"title":"Mentions l\u00e9gales - Chiemsee Yachting","robots":{"index":"index","follow":"follow","max-snippet":"max-snippet:-1","max-image-preview":"max-image-preview:large","max-video-preview":"max-video-preview:-1"},"canonical":"https:\/\/chiemsee-yachting.com\/fr\/mentions-legales\/","og_locale":"fr_FR","og_type":"article","og_title":"Mentions l\u00e9gales - Chiemsee Yachting","og_description":"Mentions l\u00e9gales Chiemsee YachtingSt\u00f6tthamer Str. 43D-83339 Chieming T\u00e9l\u00e9phone : +49 8664 9289971E-mail : office@chiemsee-yachting.com Propri\u00e9taire : Robert HeinNum\u00e9ro d&rsquo;identification de la taxe sur le chiffre d&rsquo;affaires conform\u00e9ment au \u00a7 27 a de la loi sur la taxe sur le chiffre d&rsquo;affaires :N\u00b0 UID DE208713382 Informations juridiques\/exclusion de responsabilit\u00e9\/conditions d&rsquo;utilisation :Cette offre Internet a \u00e9t\u00e9 \u00e9labor\u00e9e [&hellip;]","og_url":"https:\/\/chiemsee-yachting.com\/fr\/mentions-legales\/","og_site_name":"Chiemsee Yachting","article_modified_time":"2024-11-26T12:18:47+00:00","twitter_card":"summary_large_image","twitter_misc":{"Dur\u00e9e de lecture estim\u00e9e":"1 minute"},"schema":{"@context":"https:\/\/schema.org","@graph":[{"@type":"WebPage","@id":"https:\/\/chiemsee-yachting.com\/fr\/mentions-legales\/","url":"https:\/\/chiemsee-yachting.com\/fr\/mentions-legales\/","name":"Mentions l\u00e9gales - Chiemsee Yachting","isPartOf":{"@id":"https:\/\/chiemsee-yachting.com\/fr\/#website"},"datePublished":"2024-11-26T12:18:45+00:00","dateModified":"2024-11-26T12:18:47+00:00","breadcrumb":{"@id":"https:\/\/chiemsee-yachting.com\/fr\/mentions-legales\/#breadcrumb"},"inLanguage":"fr-FR","potentialAction":[{"@type":"ReadAction","target":["https:\/\/chiemsee-yachting.com\/fr\/mentions-legales\/"]}]},{"@type":"BreadcrumbList","@id":"https:\/\/chiemsee-yachting.com\/fr\/mentions-legales\/#breadcrumb","itemListElement":[{"@type":"ListItem","position":1,"name":"Home","item":"https:\/\/chiemsee-yachting.com\/fr\/accueil\/"},{"@type":"ListItem","position":2,"name":"Mentions l\u00e9gales"}]},{"@type":"WebSite","@id":"https:\/\/chiemsee-yachting.com\/fr\/#website","url":"https:\/\/chiemsee-yachting.com\/fr\/","name":"Chiemsee Yachting","description":"","potentialAction":[{"@type":"SearchAction","target":{"@type":"EntryPoint","urlTemplate":"https:\/\/chiemsee-yachting.com\/fr\/?s={search_term_string}"},"query-input":{"@type":"PropertyValueSpecification","valueRequired":true,"valueName":"search_term_string"}}],"inLanguage":"fr-FR"}]}},"_links":{"self":[{"href":"https:\/\/chiemsee-yachting.com\/fr\/wp-json\/wp\/v2\/pages\/5406","targetHints":{"allow":["GET"]}}],"collection":[{"href":"https:\/\/chiemsee-yachting.com\/fr\/wp-json\/wp\/v2\/pages"}],"about":[{"href":"https:\/\/chiemsee-yachting.com\/fr\/wp-json\/wp\/v2\/types\/page"}],"author":[{"embeddable":true,"href":"https:\/\/chiemsee-yachting.com\/fr\/wp-json\/wp\/v2\/users\/1"}],"replies":[{"embeddable":true,"href":"https:\/\/chiemsee-yachting.com\/fr\/wp-json\/wp\/v2\/comments?post=5406"}],"version-history":[{"count":1,"href":"https:\/\/chiemsee-yachting.com\/fr\/wp-json\/wp\/v2\/pages\/5406\/revisions"}],"predecessor-version":[{"id":5407,"href":"https:\/\/chiemsee-yachting.com\/fr\/wp-json\/wp\/v2\/pages\/5406\/revisions\/5407"}],"wp:attachment":[{"href":"https:\/\/chiemsee-yachting.com\/fr\/wp-json\/wp\/v2\/media?parent=5406"}],"curies":[{"name":"wp","href":"https:\/\/api.w.org\/{rel}","templated":true}]}}