{"id":5478,"date":"2024-11-26T13:31:26","date_gmt":"2024-11-26T12:31:26","guid":{"rendered":"https:\/\/chiemsee-yachting.com\/politika-privatnosti\/"},"modified":"2025-10-08T10:44:38","modified_gmt":"2025-10-08T08:44:38","slug":"politika-privatnosti","status":"publish","type":"page","link":"https:\/\/chiemsee-yachting.com\/hr\/politika-privatnosti\/","title":{"rendered":"Politika privatnosti"},"content":{"rendered":"\t\t<div data-elementor-type=\"wp-page\" data-elementor-id=\"5478\" class=\"elementor elementor-5478 elementor-3\" data-elementor-post-type=\"page\">\n\t\t\t\t\t\t<section class=\"elementor-section elementor-top-section elementor-element elementor-element-dfd05d3 elementor-section-boxed elementor-section-height-default elementor-section-height-default\" data-id=\"dfd05d3\" data-element_type=\"section\" data-e-type=\"section\">\n\t\t\t\t\t\t<div class=\"elementor-container elementor-column-gap-default\">\n\t\t\t\t\t<div class=\"elementor-column elementor-col-100 elementor-top-column elementor-element elementor-element-4b2b71a\" data-id=\"4b2b71a\" data-element_type=\"column\" data-e-type=\"column\">\n\t\t\t<div class=\"elementor-widget-wrap elementor-element-populated\">\n\t\t\t\t\t\t<div class=\"elementor-element elementor-element-673c11e elementor-widget elementor-widget-heading\" data-id=\"673c11e\" data-element_type=\"widget\" data-e-type=\"widget\" data-widget_type=\"heading.default\">\n\t\t\t\t\t<h1 class=\"elementor-heading-title elementor-size-default\">Politika privatnosti<\/h1>\t\t\t\t<\/div>\n\t\t\t\t\t<\/div>\n\t\t<\/div>\n\t\t\t\t\t<\/div>\n\t\t<\/section>\n\t\t\t\t<section class=\"elementor-section elementor-top-section elementor-element elementor-element-466dcce5 elementor-section-boxed elementor-section-height-default elementor-section-height-default\" data-id=\"466dcce5\" data-element_type=\"section\" data-e-type=\"section\">\n\t\t\t\t\t\t<div class=\"elementor-container elementor-column-gap-default\">\n\t\t\t\t\t<div class=\"elementor-column elementor-col-100 elementor-top-column elementor-element elementor-element-67659481\" data-id=\"67659481\" data-element_type=\"column\" data-e-type=\"column\">\n\t\t\t<div class=\"elementor-widget-wrap elementor-element-populated\">\n\t\t\t\t\t\t<div class=\"elementor-element elementor-element-2a151725 elementor-widget elementor-widget-text-editor\" data-id=\"2a151725\" data-element_type=\"widget\" data-e-type=\"widget\" data-widget_type=\"text-editor.default\">\n\t\t\t\t\t\t\t\t\t<h2>Osnove<\/h2>\nOva izjava o za\u0161titi podataka ima za cilj informirati korisnike ove web stranice o vrsti, opsegu i svrsi prikupljanja i kori\u0161tenja osobnih podataka od strane operatera web stranice Chiemsee Yachting, St\u00f6tthamer Str. 43, 83339 Chieming, Njema\u010dka.\n\nOperater web stranice vrlo ozbiljno shva\u0107a za\u0161titu Va\u0161ih podataka te s Va\u0161im osobnim podacima postupa povjerljivo iu skladu sa zakonskim propisima. Budu\u0107i da se ova izjava o za\u0161titi podataka mo\u017ee promijeniti zbog novih tehnologija i stalnog razvoja ove web stranice, preporu\u010damo da redovito ponovno \u010ditate izjavu o za\u0161titi podataka. \n\nDefinicije kori\u0161tenih pojmova (npr. &#8220;osobni podaci&#8221; ili &#8220;obrada&#8221;) mogu se prona\u0107i u \u010dl. 4 GDPR.\n<h2>Pristup podacima<\/h2>\nMi, operater web-mjesta ili pru\u017eatelj web-mjesta, prikupljamo podatke o pristupu web-mjestu na temelju na\u0161eg legitimnog interesa (vidi \u010dl. 6. stavak 1. lit. f. GDPR) i pohranjujemo ih kao &#8220;datoteke dnevnika poslu\u017eitelja&#8221; na poslu\u017eitelju web-mjesta. Sljede\u0107i podaci se bilje\u017ee ovako: \n<ul>\n \t<li>Web stranica posje\u0107ena<\/li>\n \t<li>Vrijeme u trenutku pristupa<\/li>\n \t<li>Koli\u010dina poslanih podataka u bajtovima<\/li>\n \t<li>Izvor\/referenca iz koje ste do\u0161li na stranicu<\/li>\n \t<li>Kori\u0161ten preglednik<\/li>\n \t<li>Kori\u0161teni operativni sustav<\/li>\n \t<li>Kori\u0161tena IP adresa<\/li>\n<\/ul>\nDnevnici poslu\u017eitelja pohranjuju se najvi\u0161e 7 dana i zatim se bri\u0161u. Podaci se pohranjuju iz sigurnosnih razloga, npr. B. kako bi mogli razjasniti slu\u010dajeve zlostavljanja. Ako se podaci moraju \u010duvati iz dokaznih razloga, isklju\u010deni su iz brisanja dok se incident kona\u010dno ne razjasni.  \n<h2>Mjerenje raspona i kola\u010di\u0107i<\/h2>\nOva web stranica koristi kola\u010di\u0107e za pseudonimizirano mjerenje dometa, koji se u preglednik korisnika prenose s na\u0161eg poslu\u017eitelja ili poslu\u017eitelja tre\u0107e strane. Kola\u010di\u0107i su male datoteke koje se pohranjuju na va\u0161em ure\u0111aju. Va\u0161 preglednik pristupa ovim datotekama. Kori\u0161tenje kola\u010di\u0107a pove\u0107ava jednostavnost kori\u0161tenja i sigurnost ove web stranice.\nAko ne \u017eelite da se kola\u010di\u0107i za mjerenje dosega pohranjuju na va\u0161em ure\u0111aju, mo\u017eete prigovoriti kori\u0161tenju ovih datoteka ovdje:   \n<ul>\n \t<li>Stranica za isklju\u010divanje kola\u010di\u0107a Network Advertising Initiative: http:\/\/optout.networkadvertising.org\/?c=1#!\/<\/li>\n \t<li>Stranica za deaktivaciju kola\u010di\u0107a web-mjesta SAD-a: http:\/\/optout.aboutads.info\/?c=2#!\/<\/li>\n \t<li>Stranica za isklju\u010divanje kola\u010di\u0107a europske web stranice: http:\/\/optout.networkadvertising.org\/?c=1#!\/<\/li>\n<\/ul>\nUobi\u010dajeni preglednici nude opciju postavke da ne dopu\u0161taju kola\u010di\u0107e. Napomena: Nije zajam\u010deno da \u0107ete mo\u0107i pristupiti svim funkcijama ove web stranice bez ograni\u010denja ako napravite odgovaraju\u0107e postavke. \n<h2>Prikupljanje i obrada osobnih podataka<\/h2>\nUpravitelj web stranice prikuplja, koristi i otkriva va\u0161e osobne podatke samo ako je to dopu\u0161teno zakonom ili ako pristanete na prikupljanje podataka.\nOsobni podaci su sve informacije koje vas mogu identificirati i koje se mogu povezati s vama &#8211; na primjer, va\u0161e ime, adresa e-po\u0161te i telefonski broj.\n\nTako\u0111er mo\u017eete posjetiti ovu web stranicu bez davanja osobnih podataka. Me\u0111utim, kako bismo pobolj\u0161ali na\u0161u online ponudu, pohranjujemo va\u0161e pristupne podatke ovoj web stranici (bez osobne reference). Ovi pristupni podaci uklju\u010duju, na primjer: B. datoteku koju ste tra\u017eili ili naziv va\u0161eg internetskog davatelja usluga. Anonimizacijom podataka nije mogu\u0107e donositi zaklju\u010dke o vama osobno.   \n\nKako prikupljamo i obra\u0111ujemo svoje podatke:\n<ul>\n \t<li>Obra\u0111ujemo osobne podatke kao \u0161to su ime, prezime, IP adresa, e-mail adresa, mjesto stanovanja, po\u0161tanski broj i informacije o sadr\u017eaju kontakt forme.<\/li>\n \t<li>Osobne podatke obra\u0111ujemo samo uz izri\u010dito dopu\u0161tenje doti\u010dnih korisnika i u skladu s va\u017ee\u0107im propisima o za\u0161titi podataka.<\/li>\n \t<li>Obrada osobnih podataka temelji se na na\u0161em legitimnom interesu za ispunjavanje na\u0161ih ugovorom dogovorenih usluga i optimizaciju na\u0161e online ponude.<\/li>\n<\/ul>\n<h2>Rukovanje detaljima kontakta<\/h2>\nAko nas kao operatera web stranice kontaktirate putem ponu\u0111enih kontaktnih opcija, va\u0161i podaci \u0107e biti pohranjeni kako bismo ih mogli koristiti za obradu i odgovor na va\u0161 upit. Ovi podaci ne\u0107e biti proslije\u0111eni tre\u0107im stranama bez va\u0161eg pristanka. \n<h2>Rukovanje komentarima i objavama<\/h2>\nAko ostavite post ili komentar na ovoj web stranici, va\u0161a IP adresa \u0107e biti spremljena. To se temelji na na\u0161im legitimnim interesima u smislu stavka 1. GDPR-a i slu\u017ei nam kao operaterima na web-mjestu, zbog \u010dega mo\u017eemo biti procesuirani. imaju interes za identitet autora komentara ili posta.   \n\n<h2>Matomo<\/h2>\n<p>Ova web stranica koristi uslugu web analize otvorenog koda Matomo.<\/p>\n\n<p>Pomo\u0107u Matoma mo\u017eemo prikupljati i analizirati podatke o tome kako posjetitelji koriste na\u0161u web stranicu. To nam omogu\u0107uje da utvrdimo, izme\u0111u ostalog, kada i iz koje regije se svaka stranica pregledava. Tako\u0111er bilje\u017eimo razli\u010dite datoteke zapisnika (npr. IP adresu, referer, kori\u0161teni preglednik i operativni sustav) i mo\u017eemo mjeriti izvr\u0161avaju li posjetitelji na\u0161e web stranice odre\u0111ene radnje (npr. klikove, kupnje itd.).  \n\nOvaj alat za analizu koristi se na temelju \u010dlanka 6. stavka 1. to\u010dke (f) GDPR-a. Upravitelj web stranice ima legitimni interes za analizu pona\u0161anja korisnika kako bi optimizirao svoju web stranicu i svoje ogla\u0161avanje. Ako je zatra\u017eena privola, obrada \u0107e se provoditi isklju\u010divo na temelju \u010dlanka 6. stavka 1. to\u010dke (a) GDPR-a i \u010dlanka 25. stavka 1. TTDSG-a, u mjeri u kojoj privola uklju\u010duje pohranu kola\u010di\u0107a ili pristup informacijama na korisnikovom ure\u0111aju (npr. otisak prsta ure\u0111aja) u smislu TTDSG-a. Privola se mo\u017ee opozvati u bilo kojem trenutku.        <\/p>\n\n<h3>IP anonimizacija<\/h3>\n<p>Kada analiziramo s Matomom, koristimo IP anonimizaciju. Va\u0161a IP adresa se prije analize skra\u0107uje tako da vam se vi\u0161e ne mo\u017ee jasno dodijeliti. <\/p>\n\n<h3>Analiza bez kola\u010di\u0107a<\/h3>\n<p>Matomo smo konfigurirali tako da Matomo ne sprema kola\u010di\u0107e u va\u0161 preglednik.<\/p>\n\n<h3>Hosting<\/h3>\n<p>Matomo hostiramo isklju\u010divo na vlastitim poslu\u017eiteljima, tako da svi podaci analize ostaju kod nas i ne dijelimo ih.<\/p>\n\n<h2>Google Analytics<\/h2>\nZbog na\u0161ih legitimnih interesa za optimizaciju i analizu na\u0161e online ponude u smislu \u010dl. 6 lit. GDPR, ova web stranica koristi uslugu Google Analytics (1600 Amphitheatre Parkway Mountain View, CA 94043, SAD). Usluga (Google Analytics) koristi \u201ekola\u010di\u0107e\u201c \u2013 tekstualne datoteke koje se pohranjuju na va\u0161em ure\u0111aju. Podaci prikupljeni kola\u010di\u0107ima obi\u010dno se \u0161alju na Googleov poslu\u017eitelj u SAD-u i tamo pohranjuju.     \n\nGoogle LLC pridr\u017eava se europskog zakona o za\u0161titi podataka i certificiran je prema Ugovoru o za\u0161titi privatnosti: https:\/\/www.privacyshield.gov\/participant?id=a2zt000000001L5AAI&amp;status=Active\n\nNa ovoj web stranici primjenjuje se anonimizacija IP-a. IP adresa korisnika se skra\u0107uje unutar dr\u017eava \u010dlanica EU i Europskog gospodarskog prostora te u ostalim dr\u017eavama ugovornicama sporazuma. Samo u pojedina\u010dnim slu\u010dajevima IP adresa se prvo u cijelosti prenosi na Google poslu\u017eitelj u SAD i tamo skra\u0107uje. Ovo skra\u0107ivanje zna\u010di da va\u0161a IP adresa vi\u0161e nije povezana s osobom. IP adresa korisnika koju prenosi preglednik ne kombinira se s drugim podacima koje Google pohranjuje.    \n\nKao dio ugovora o podacima o narud\u017ebi koji smo mi kao operater web stranice sklopili s Google Inc., Google Inc. koristi prikupljene informacije za izradu procjene kori\u0161tenja web stranice i aktivnosti na web stranici te pru\u017ea usluge povezane s upotrebom interneta. \n\nPodaci koje je Google prikupio u na\u0161e ime koriste se za procjenu kori\u0161tenja na\u0161e online ponude od strane pojedina\u010dnih korisnika, npr. B. za izradu izvje\u0161\u0107a o aktivnostima na web stranici kako bismo pobolj\u0161ali na\u0161u online ponudu.\n\nImate mogu\u0107nost sprije\u010diti pohranjivanje kola\u010di\u0107a na va\u0161 ure\u0111aj odgovaraju\u0107im postavkama u pregledniku. Ne postoji jamstvo da \u0107ete mo\u0107i pristupiti svim funkcijama ove web stranice bez ograni\u010denja ako va\u0161 preglednik ne dopu\u0161ta kola\u010di\u0107e. \n\nTako\u0111er mo\u017eete koristiti dodatak za preglednik kako biste sprije\u010dili slanje podataka prikupljenih kola\u010di\u0107ima (uklju\u010duju\u0107i va\u0161u IP adresu) tvrtki Google Inc. i njihovo kori\u0161tenje od strane Google Inc. Sljede\u0107a poveznica odvest \u0107e vas do odgovaraju\u0107eg dodatka: https:\/\/tools.google.com\/dlpage\/gaoptout?hl=de   \n\nAlternativno, klikom na ovu vezu (VA\u017dNO: umetnite vezu za isklju\u010divanje) mo\u017eete sprije\u010diti Google Analytics da prikuplja podatke o vama unutar ove web stranice. Klikom na gornju poveznicu preuzet \u0107ete &#8220;opt-out kola\u010di\u0107&#8221;. Va\u0161 preglednik stoga op\u0107enito mora dopustiti pohranjivanje kola\u010di\u0107a. Ako redovito bri\u0161ete svoje kola\u010di\u0107e, morat \u0107ete ponovno kliknuti na poveznicu svaki put kada posjetite ovo web mjesto.   \n\nOvdje mo\u017eete prona\u0107i dodatne informacije o upotrebi podataka od strane Google Inc.:\n<ul>\n \t<li>https:\/\/policies.google.com\/privacy\/partners?hl=de (podatke prikupljaju Google partneri)<\/li>\n \t<li>https:\/\/adssettings.google.de\/authenticated (postavke o ogla\u0161avanju koje vam se prikazuje)<\/li>\n \t<li>https:\/\/policies.google.com\/technologies\/ads?hl=de (upotreba kola\u010di\u0107a u oglasima)<\/li>\n<\/ul>\n<h2>Kori\u0161tenje dodataka dru\u0161tvenih medija s Facebooka<\/h2>\nZbog na\u0161eg legitimnog interesa za analizu, optimizaciju i rad na\u0161e internetske ponude (u smislu \u010dl. 6. st. 1. lit. f. GDPR), ova web stranica koristi dru\u0161tveni dodatak za Facebook koji osigurava Facebook Inc. ( 1 Hacker Way, Menlo Park, Kalifornija 94025, SAD). Integracija se mo\u017ee prepoznati po Facebook logou ili izrazima \u201cLike\u201d, \u201cLike\u201d, \u201cShare\u201d u bojama Facebooka (plava i bijela). Informacije o svim Facebook dodacima mo\u017eete prona\u0107i putem sljede\u0107e poveznice: https:\/\/developers.facebook.com\/docs\/plugins\/   \n\nFacebook Inc. pridr\u017eava se europskog zakona o za\u0161titi podataka i certificiran je prema Ugovoru o za\u0161titi privatnosti: https:\/\/www.privacyshield.gov\/participant?id=a2zt0000000GnywAAC&amp;status=Active \n\nDodatak uspostavlja izravnu vezu izme\u0111u va\u0161eg preglednika i Facebook poslu\u017eitelja. Operater web stranice nema nikakav utjecaj na prirodu i opseg podataka koje dodatak prenosi poslu\u017eiteljima Facebook Inc. Informacije o tome mo\u017eete prona\u0107i ovdje: https:\/\/www.facebook.com\/help\/186325668085084   \n\nDodatak obavje\u0161tava Facebook Inc. da ste vi kao korisnik posjetili ovo web mjesto. Postoji mogu\u0107nost da \u0107e va\u0161a IP adresa biti spremljena. Ako ste prijavljeni na svoj Facebook ra\u010dun dok posje\u0107ujete ovu web stranicu, navedene informacije bit \u0107e povezane s njom.   \n\nAko koristite funkcije dodatka &#8211; na primjer dijeljenjem ili &#8220;lajkanjem&#8221; objave &#8211; odgovaraju\u0107e informacije tako\u0111er \u0107e se prenijeti Facebook Inc.\n\u017delite li sprije\u010diti Facebook. Inc. povezuje ove podatke s va\u0161im Facebook ra\u010dunom, odjavite se s Facebooka prije posjete ovoj web stranici i izbri\u0161ite pohranjene kola\u010di\u0107e. Svoj Facebook profil mo\u017eete koristiti za daljnje postavke obrade podataka u reklamne svrhe ili prigovoriti kori\u0161tenju Va\u0161ih podataka u reklamne svrhe. Ovdje mo\u017eete pristupiti postavkama:     \n<ul>\n \t<li>Postavke profila na Facebooku: https:\/\/www.facebook.com\/ads\/preferences\/?entry_product=ad_settings_screen<\/li>\n \t<li>Stranica za deaktivaciju kola\u010di\u0107a web-mjesta SAD-a: http:\/\/optout.aboutads.info\/?c=2#!\/<\/li>\n \t<li>Stranica za isklju\u010divanje kola\u010di\u0107a europske web stranice: http:\/\/optout.networkadvertising.org\/?c=1#!\/<\/li>\n<\/ul>\nMo\u017eete saznati koje podatke, u koju svrhu i u kojoj mjeri Facebook prikuplja, koristi i obra\u0111uje podatke te koja prava i mogu\u0107nosti pode\u0161avanja imate za za\u0161titu svoje privatnosti u Facebookovim smjernicama za za\u0161titu podataka. Mo\u017eete ih prona\u0107i ovdje: https:\/\/www.facebook.com\/about\/privacy\/ \n<h2>Prava korisnika<\/h2>\nKao korisnik imate pravo zatra\u017eiti besplatnu informaciju o tome koji su osobni podaci o Vama pohranjeni. Tako\u0111er imate pravo ispraviti neto\u010dne podatke te ograni\u010diti obradu ili izbrisati svoje osobne podatke. Ako je primjenjivo, tako\u0111er mo\u017eete ostvariti svoje pravo na prenosivost podataka. Ako smatrate da su va\u0161i podaci obra\u0111ivani nezakonito, mo\u017eete podnijeti pritu\u017ebu nadle\u017enom nadzornom tijelu.   \n<h2>Brisanje podataka<\/h2>\nOsim ako va\u0161 zahtjev nije u sukobu sa zakonskom obvezom \u010duvanja podataka (npr. zadr\u017eavanje podataka), imate pravo tra\u017eiti brisanje svojih podataka. Podaci koje pohranjujemo bit \u0107e izbrisani ako vi\u0161e nisu potrebni za namjeravanu svrhu i ako ne postoje zakonska razdoblja \u010duvanja. Ako se brisanje ne mo\u017ee izvr\u0161iti jer su podaci potrebni za dopu\u0161tene pravne svrhe, obrada podataka bit \u0107e ograni\u010dena. U tom \u0107e slu\u010daju podaci biti blokirani i ne\u0107e se obra\u0111ivati \u200b\u200bu druge svrhe.   \n<h2>Pravo na prigovor<\/h2>\nKorisnici ove web stranice mogu u svakom trenutku iskoristiti svoje pravo na prigovor i prigovor na obradu svojih osobnih podataka.\n\nAko \u017eelite ispravak, blokiranje, brisanje ili informacije o osobnim podacima koji su o vama pohranjeni ili imate pitanja u vezi prikupljanja, obrade ili kori\u0161tenja va\u0161ih osobnih podataka ili \u017eelite opozvati svoju privolu, obratite se na sljede\u0107u adresu e-po\u0161te: datenschutz@chiemsee -yachting.de.\t\t\t\t\t\t\t\t<\/div>\n\t\t\t\t\t<\/div>\n\t\t<\/div>\n\t\t\t\t\t<\/div>\n\t\t<\/section>\n\t\t\t\t<\/div>\n\t\t","protected":false},"excerpt":{"rendered":"<p>Politika privatnosti Osnove Ova izjava o za\u0161titi podataka ima za cilj informirati korisnike ove web stranice o vrsti, opsegu i svrsi prikupljanja i kori\u0161tenja osobnih podataka od strane operatera web stranice Chiemsee Yachting, St\u00f6tthamer Str. 43, 83339 Chieming, Njema\u010dka. Operater web stranice vrlo ozbiljno shva\u0107a za\u0161titu Va\u0161ih podataka te s Va\u0161im osobnim podacima postupa povjerljivo [&hellip;]<\/p>\n","protected":false},"author":1,"featured_media":0,"parent":0,"menu_order":0,"comment_status":"closed","ping_status":"open","template":"","meta":{"_acf_changed":false,"site-sidebar-layout":"no-sidebar","site-content-layout":"page-builder","ast-site-content-layout":"full-width-container","site-content-style":"unboxed","site-sidebar-style":"unboxed","ast-global-header-display":"","ast-banner-title-visibility":"","ast-main-header-display":"","ast-hfb-above-header-display":"","ast-hfb-below-header-display":"","ast-hfb-mobile-header-display":"","site-post-title":"disabled","ast-breadcrumbs-content":"","ast-featured-img":"disabled","footer-sml-layout":"","ast-disable-related-posts":"","theme-transparent-header-meta":"enabled","adv-header-id-meta":"","stick-header-meta":"default","header-above-stick-meta":"","header-main-stick-meta":"","header-below-stick-meta":"","astra-migrate-meta-layouts":"default","ast-page-background-enabled":"default","ast-page-background-meta":{"desktop":{"background-color":"","background-image":"","background-repeat":"repeat","background-position":"center center","background-size":"auto","background-attachment":"scroll","background-type":"","background-media":"","overlay-type":"","overlay-color":"","overlay-opacity":"","overlay-gradient":""},"tablet":{"background-color":"","background-image":"","background-repeat":"repeat","background-position":"center center","background-size":"auto","background-attachment":"scroll","background-type":"","background-media":"","overlay-type":"","overlay-color":"","overlay-opacity":"","overlay-gradient":""},"mobile":{"background-color":"","background-image":"","background-repeat":"repeat","background-position":"center center","background-size":"auto","background-attachment":"scroll","background-type":"","background-media":"","overlay-type":"","overlay-color":"","overlay-opacity":"","overlay-gradient":""}},"ast-content-background-meta":{"desktop":{"background-color":"var(--ast-global-color-5)","background-image":"","background-repeat":"repeat","background-position":"center center","background-size":"auto","background-attachment":"scroll","background-type":"","background-media":"","overlay-type":"","overlay-color":"","overlay-opacity":"","overlay-gradient":""},"tablet":{"background-color":"var(--ast-global-color-5)","background-image":"","background-repeat":"repeat","background-position":"center center","background-size":"auto","background-attachment":"scroll","background-type":"","background-media":"","overlay-type":"","overlay-color":"","overlay-opacity":"","overlay-gradient":""},"mobile":{"background-color":"var(--ast-global-color-5)","background-image":"","background-repeat":"repeat","background-position":"center center","background-size":"auto","background-attachment":"scroll","background-type":"","background-media":"","overlay-type":"","overlay-color":"","overlay-opacity":"","overlay-gradient":""}},"footnotes":""},"class_list":["post-5478","page","type-page","status-publish","hentry"],"acf":[],"yoast_head":"<!-- This site is optimized with the Yoast SEO plugin v27.4 - https:\/\/yoast.com\/product\/yoast-seo-wordpress\/ -->\n<title>Politika privatnosti - Chiemsee Yachting<\/title>\n<meta name=\"description\" content=\"Saznajte sve o za\u0161titi podataka u Chiemsee Yachtingu. Va\u0161a privatnost nam je va\u017ena.\" \/>\n<meta name=\"robots\" content=\"index, follow, max-snippet:-1, max-image-preview:large, max-video-preview:-1\" \/>\n<link rel=\"canonical\" href=\"https:\/\/chiemsee-yachting.com\/hr\/politika-privatnosti\/\" \/>\n<meta property=\"og:locale\" content=\"hr_HR\" \/>\n<meta property=\"og:type\" content=\"article\" \/>\n<meta property=\"og:title\" content=\"Politika privatnosti - Chiemsee Yachting\" \/>\n<meta property=\"og:description\" content=\"Saznajte sve o za\u0161titi podataka u Chiemsee Yachtingu. Va\u0161a privatnost nam je va\u017ena.\" \/>\n<meta property=\"og:url\" content=\"https:\/\/chiemsee-yachting.com\/hr\/politika-privatnosti\/\" \/>\n<meta property=\"og:site_name\" content=\"Chiemsee Yachting\" \/>\n<meta property=\"article:modified_time\" content=\"2025-10-08T08:44:38+00:00\" \/>\n<meta name=\"twitter:card\" content=\"summary_large_image\" \/>\n<meta name=\"twitter:label1\" content=\"Procijenjeno vrijeme \u010ditanja\" \/>\n\t<meta name=\"twitter:data1\" content=\"10 minuta\" \/>\n<script type=\"application\/ld+json\" class=\"yoast-schema-graph\">{\"@context\":\"https:\\\/\\\/schema.org\",\"@graph\":[{\"@type\":\"WebPage\",\"@id\":\"https:\\\/\\\/chiemsee-yachting.com\\\/hr\\\/politika-privatnosti\\\/\",\"url\":\"https:\\\/\\\/chiemsee-yachting.com\\\/hr\\\/politika-privatnosti\\\/\",\"name\":\"Politika privatnosti - Chiemsee Yachting\",\"isPartOf\":{\"@id\":\"https:\\\/\\\/chiemsee-yachting.com\\\/hr\\\/#website\"},\"datePublished\":\"2024-11-26T12:31:26+00:00\",\"dateModified\":\"2025-10-08T08:44:38+00:00\",\"description\":\"Saznajte sve o za\u0161titi podataka u Chiemsee Yachtingu. Va\u0161a privatnost nam je va\u017ena.\",\"breadcrumb\":{\"@id\":\"https:\\\/\\\/chiemsee-yachting.com\\\/hr\\\/politika-privatnosti\\\/#breadcrumb\"},\"inLanguage\":\"hr\",\"potentialAction\":[{\"@type\":\"ReadAction\",\"target\":[\"https:\\\/\\\/chiemsee-yachting.com\\\/hr\\\/politika-privatnosti\\\/\"]}]},{\"@type\":\"BreadcrumbList\",\"@id\":\"https:\\\/\\\/chiemsee-yachting.com\\\/hr\\\/politika-privatnosti\\\/#breadcrumb\",\"itemListElement\":[{\"@type\":\"ListItem\",\"position\":1,\"name\":\"Home\",\"item\":\"https:\\\/\\\/chiemsee-yachting.com\\\/hr\\\/home\\\/\"},{\"@type\":\"ListItem\",\"position\":2,\"name\":\"Politika privatnosti\"}]},{\"@type\":\"WebSite\",\"@id\":\"https:\\\/\\\/chiemsee-yachting.com\\\/hr\\\/#website\",\"url\":\"https:\\\/\\\/chiemsee-yachting.com\\\/hr\\\/\",\"name\":\"Chiemsee Yachting\",\"description\":\"\",\"potentialAction\":[{\"@type\":\"SearchAction\",\"target\":{\"@type\":\"EntryPoint\",\"urlTemplate\":\"https:\\\/\\\/chiemsee-yachting.com\\\/hr\\\/?s={search_term_string}\"},\"query-input\":{\"@type\":\"PropertyValueSpecification\",\"valueRequired\":true,\"valueName\":\"search_term_string\"}}],\"inLanguage\":\"hr\"}]}<\/script>\n<!-- \/ Yoast SEO plugin. -->","yoast_head_json":{"title":"Politika privatnosti - Chiemsee Yachting","description":"Saznajte sve o za\u0161titi podataka u Chiemsee Yachtingu. Va\u0161a privatnost nam je va\u017ena.","robots":{"index":"index","follow":"follow","max-snippet":"max-snippet:-1","max-image-preview":"max-image-preview:large","max-video-preview":"max-video-preview:-1"},"canonical":"https:\/\/chiemsee-yachting.com\/hr\/politika-privatnosti\/","og_locale":"hr_HR","og_type":"article","og_title":"Politika privatnosti - Chiemsee Yachting","og_description":"Saznajte sve o za\u0161titi podataka u Chiemsee Yachtingu. Va\u0161a privatnost nam je va\u017ena.","og_url":"https:\/\/chiemsee-yachting.com\/hr\/politika-privatnosti\/","og_site_name":"Chiemsee Yachting","article_modified_time":"2025-10-08T08:44:38+00:00","twitter_card":"summary_large_image","twitter_misc":{"Procijenjeno vrijeme \u010ditanja":"10 minuta"},"schema":{"@context":"https:\/\/schema.org","@graph":[{"@type":"WebPage","@id":"https:\/\/chiemsee-yachting.com\/hr\/politika-privatnosti\/","url":"https:\/\/chiemsee-yachting.com\/hr\/politika-privatnosti\/","name":"Politika privatnosti - Chiemsee Yachting","isPartOf":{"@id":"https:\/\/chiemsee-yachting.com\/hr\/#website"},"datePublished":"2024-11-26T12:31:26+00:00","dateModified":"2025-10-08T08:44:38+00:00","description":"Saznajte sve o za\u0161titi podataka u Chiemsee Yachtingu. Va\u0161a privatnost nam je va\u017ena.","breadcrumb":{"@id":"https:\/\/chiemsee-yachting.com\/hr\/politika-privatnosti\/#breadcrumb"},"inLanguage":"hr","potentialAction":[{"@type":"ReadAction","target":["https:\/\/chiemsee-yachting.com\/hr\/politika-privatnosti\/"]}]},{"@type":"BreadcrumbList","@id":"https:\/\/chiemsee-yachting.com\/hr\/politika-privatnosti\/#breadcrumb","itemListElement":[{"@type":"ListItem","position":1,"name":"Home","item":"https:\/\/chiemsee-yachting.com\/hr\/home\/"},{"@type":"ListItem","position":2,"name":"Politika privatnosti"}]},{"@type":"WebSite","@id":"https:\/\/chiemsee-yachting.com\/hr\/#website","url":"https:\/\/chiemsee-yachting.com\/hr\/","name":"Chiemsee Yachting","description":"","potentialAction":[{"@type":"SearchAction","target":{"@type":"EntryPoint","urlTemplate":"https:\/\/chiemsee-yachting.com\/hr\/?s={search_term_string}"},"query-input":{"@type":"PropertyValueSpecification","valueRequired":true,"valueName":"search_term_string"}}],"inLanguage":"hr"}]}},"_links":{"self":[{"href":"https:\/\/chiemsee-yachting.com\/hr\/wp-json\/wp\/v2\/pages\/5478","targetHints":{"allow":["GET"]}}],"collection":[{"href":"https:\/\/chiemsee-yachting.com\/hr\/wp-json\/wp\/v2\/pages"}],"about":[{"href":"https:\/\/chiemsee-yachting.com\/hr\/wp-json\/wp\/v2\/types\/page"}],"author":[{"embeddable":true,"href":"https:\/\/chiemsee-yachting.com\/hr\/wp-json\/wp\/v2\/users\/1"}],"replies":[{"embeddable":true,"href":"https:\/\/chiemsee-yachting.com\/hr\/wp-json\/wp\/v2\/comments?post=5478"}],"version-history":[{"count":2,"href":"https:\/\/chiemsee-yachting.com\/hr\/wp-json\/wp\/v2\/pages\/5478\/revisions"}],"predecessor-version":[{"id":7871,"href":"https:\/\/chiemsee-yachting.com\/hr\/wp-json\/wp\/v2\/pages\/5478\/revisions\/7871"}],"wp:attachment":[{"href":"https:\/\/chiemsee-yachting.com\/hr\/wp-json\/wp\/v2\/media?parent=5478"}],"curies":[{"name":"wp","href":"https:\/\/api.w.org\/{rel}","templated":true}]}}