{"id":5404,"date":"2024-11-26T13:18:44","date_gmt":"2024-11-26T12:18:44","guid":{"rendered":"https:\/\/chiemsee-yachting.com\/impronta\/"},"modified":"2024-11-26T13:18:47","modified_gmt":"2024-11-26T12:18:47","slug":"impronta","status":"publish","type":"page","link":"https:\/\/chiemsee-yachting.com\/it\/impronta\/","title":{"rendered":"Impronta"},"content":{"rendered":"\t\t<div data-elementor-type=\"wp-page\" data-elementor-id=\"5404\" class=\"elementor elementor-5404 elementor-665\" data-elementor-post-type=\"page\">\n\t\t\t\t\t\t<section class=\"elementor-section elementor-top-section elementor-element elementor-element-457840d1 elementor-section-boxed elementor-section-height-default elementor-section-height-default\" data-id=\"457840d1\" data-element_type=\"section\" data-e-type=\"section\">\n\t\t\t\t\t\t<div class=\"elementor-container elementor-column-gap-default\">\n\t\t\t\t\t<div class=\"elementor-column elementor-col-100 elementor-top-column elementor-element elementor-element-395a6fac\" data-id=\"395a6fac\" data-element_type=\"column\" data-e-type=\"column\">\n\t\t\t<div class=\"elementor-widget-wrap elementor-element-populated\">\n\t\t\t\t\t\t<div class=\"elementor-element elementor-element-75cb9bd elementor-widget elementor-widget-heading\" data-id=\"75cb9bd\" data-element_type=\"widget\" data-e-type=\"widget\" data-widget_type=\"heading.default\">\n\t\t\t\t\t<h1 class=\"elementor-heading-title elementor-size-default\">Impronta<\/h1>\t\t\t\t<\/div>\n\t\t\t\t\t<\/div>\n\t\t<\/div>\n\t\t\t\t\t<\/div>\n\t\t<\/section>\n\t\t\t\t<section class=\"elementor-section elementor-top-section elementor-element elementor-element-c5d47ed elementor-section-boxed elementor-section-height-default elementor-section-height-default\" data-id=\"c5d47ed\" data-element_type=\"section\" data-e-type=\"section\">\n\t\t\t\t\t\t<div class=\"elementor-container elementor-column-gap-default\">\n\t\t\t\t\t<div class=\"elementor-column elementor-col-100 elementor-top-column elementor-element elementor-element-f90861b\" data-id=\"f90861b\" data-element_type=\"column\" data-e-type=\"column\">\n\t\t\t<div class=\"elementor-widget-wrap elementor-element-populated\">\n\t\t\t\t\t\t<div class=\"elementor-element elementor-element-1ed7c0a elementor-widget elementor-widget-text-editor\" data-id=\"1ed7c0a\" data-element_type=\"widget\" data-e-type=\"widget\" data-widget_type=\"text-editor.default\">\n\t\t\t\t\t\t\t\t\t<p>Chiemsee Yachting St\u00f6tthamer Str. 43 D-83339 Chieming<\/p>\n<p>Telefono: <a href=\"tel:+4986649289971\" target=\"_blank\" rel=\"noopener\">+49 8664 9289971<\/a> E-mail:<a href=\"mailto:office@chiemsee-yachting.com\" target=\"_blank\" rel=\"noopener\">office@chiemsee-yachting.com<\/a><\/p>\n<p>Proprietario: Robert Hein Numero di identificazione dell&#8217;imposta sulle vendite secondo il \u00a7 27 a della legge sull&#8217;imposta sulle vendite: UID-No. DE208713382  <\/p>\n<p>Avviso legale\/disclaimer\/condizioni d&#8217;uso: Questo sito web \u00e8 stato compilato con cura. Tuttavia, n\u00e9 l&#8217;editore n\u00e9 i suoi agenti vicari possono assumersi alcuna responsabilit\u00e0 per eventuali svantaggi o danni derivanti dalle informazioni, raccomandazioni o consigli forniti. <\/p>\n<p>Disclaimer: nonostante l&#8217;attento controllo dei contenuti, non ci assumiamo alcuna responsabilit\u00e0 per il contenuto dei link esterni. Gli operatori delle pagine collegate sono gli unici responsabili del loro contenuto. <\/p>\n<p>Copyright: Tutti i diritti sono riservati, compresi quelli di riproduzione fotomeccanica e di archiviazione dei dati su supporti elettronici. La riproduzione di contributi testuali stampati, foto e loghi oltre la singola copia destinata all&#8217;uso personale richiede la nostra autorizzazione scritta, in particolare per scopi commerciali. <\/p>\n\t\t\t\t\t\t\t\t<\/div>\n\t\t\t\t\t<\/div>\n\t\t<\/div>\n\t\t\t\t\t<\/div>\n\t\t<\/section>\n\t\t\t\t<\/div>\n\t\t","protected":false},"excerpt":{"rendered":"<p>Impronta Chiemsee Yachting St\u00f6tthamer Str. 43 D-83339 Chieming Telefono: +49 8664 9289971 E-mail:office@chiemsee-yachting.com Proprietario: Robert Hein Numero di identificazione dell&#8217;imposta sulle vendite secondo il \u00a7 27 a della legge sull&#8217;imposta sulle vendite: UID-No. DE208713382 Avviso legale\/disclaimer\/condizioni d&#8217;uso: Questo sito web \u00e8 stato compilato con cura. Tuttavia, n\u00e9 l&#8217;editore n\u00e9 i suoi agenti vicari possono assumersi [&hellip;]<\/p>\n","protected":false},"author":1,"featured_media":0,"parent":0,"menu_order":0,"comment_status":"closed","ping_status":"open","template":"","meta":{"_acf_changed":false,"site-sidebar-layout":"no-sidebar","site-content-layout":"page-builder","ast-site-content-layout":"full-width-container","site-content-style":"unboxed","site-sidebar-style":"unboxed","ast-global-header-display":"","ast-banner-title-visibility":"","ast-main-header-display":"","ast-hfb-above-header-display":"","ast-hfb-below-header-display":"","ast-hfb-mobile-header-display":"","site-post-title":"disabled","ast-breadcrumbs-content":"","ast-featured-img":"disabled","footer-sml-layout":"","ast-disable-related-posts":"","theme-transparent-header-meta":"enabled","adv-header-id-meta":"","stick-header-meta":"default","header-above-stick-meta":"","header-main-stick-meta":"","header-below-stick-meta":"","astra-migrate-meta-layouts":"default","ast-page-background-enabled":"default","ast-page-background-meta":{"desktop":{"background-color":"","background-image":"","background-repeat":"repeat","background-position":"center center","background-size":"auto","background-attachment":"scroll","background-type":"","background-media":"","overlay-type":"","overlay-color":"","overlay-opacity":"","overlay-gradient":""},"tablet":{"background-color":"","background-image":"","background-repeat":"repeat","background-position":"center center","background-size":"auto","background-attachment":"scroll","background-type":"","background-media":"","overlay-type":"","overlay-color":"","overlay-opacity":"","overlay-gradient":""},"mobile":{"background-color":"","background-image":"","background-repeat":"repeat","background-position":"center center","background-size":"auto","background-attachment":"scroll","background-type":"","background-media":"","overlay-type":"","overlay-color":"","overlay-opacity":"","overlay-gradient":""}},"ast-content-background-meta":{"desktop":{"background-color":"var(--ast-global-color-5)","background-image":"","background-repeat":"repeat","background-position":"center center","background-size":"auto","background-attachment":"scroll","background-type":"","background-media":"","overlay-type":"","overlay-color":"","overlay-opacity":"","overlay-gradient":""},"tablet":{"background-color":"var(--ast-global-color-5)","background-image":"","background-repeat":"repeat","background-position":"center center","background-size":"auto","background-attachment":"scroll","background-type":"","background-media":"","overlay-type":"","overlay-color":"","overlay-opacity":"","overlay-gradient":""},"mobile":{"background-color":"var(--ast-global-color-5)","background-image":"","background-repeat":"repeat","background-position":"center center","background-size":"auto","background-attachment":"scroll","background-type":"","background-media":"","overlay-type":"","overlay-color":"","overlay-opacity":"","overlay-gradient":""}},"footnotes":""},"class_list":["post-5404","page","type-page","status-publish","hentry"],"acf":[],"yoast_head":"<!-- This site is optimized with the Yoast SEO plugin v27.5 - https:\/\/yoast.com\/product\/yoast-seo-wordpress\/ -->\n<title>Impronta - Chiemsee Yachting<\/title>\n<meta name=\"robots\" content=\"index, follow, max-snippet:-1, max-image-preview:large, max-video-preview:-1\" \/>\n<link rel=\"canonical\" href=\"https:\/\/chiemsee-yachting.com\/it\/impronta\/\" \/>\n<meta property=\"og:locale\" content=\"it_IT\" \/>\n<meta property=\"og:type\" content=\"article\" \/>\n<meta property=\"og:title\" content=\"Impronta - Chiemsee Yachting\" \/>\n<meta property=\"og:description\" content=\"Impronta Chiemsee Yachting St\u00f6tthamer Str. 43 D-83339 Chieming Telefono: +49 8664 9289971 E-mail:office@chiemsee-yachting.com Proprietario: Robert Hein Numero di identificazione dell&#8217;imposta sulle vendite secondo il \u00a7 27 a della legge sull&#8217;imposta sulle vendite: UID-No. DE208713382 Avviso legale\/disclaimer\/condizioni d&#8217;uso: Questo sito web \u00e8 stato compilato con cura. Tuttavia, n\u00e9 l&#8217;editore n\u00e9 i suoi agenti vicari possono assumersi [&hellip;]\" \/>\n<meta property=\"og:url\" content=\"https:\/\/chiemsee-yachting.com\/it\/impronta\/\" \/>\n<meta property=\"og:site_name\" content=\"Chiemsee Yachting\" \/>\n<meta property=\"article:modified_time\" content=\"2024-11-26T12:18:47+00:00\" \/>\n<meta name=\"twitter:card\" content=\"summary_large_image\" \/>\n<meta name=\"twitter:label1\" content=\"Tempo di lettura stimato\" \/>\n\t<meta name=\"twitter:data1\" content=\"1 minuto\" \/>\n<script type=\"application\/ld+json\" class=\"yoast-schema-graph\">{\"@context\":\"https:\\\/\\\/schema.org\",\"@graph\":[{\"@type\":\"WebPage\",\"@id\":\"https:\\\/\\\/chiemsee-yachting.com\\\/it\\\/impronta\\\/\",\"url\":\"https:\\\/\\\/chiemsee-yachting.com\\\/it\\\/impronta\\\/\",\"name\":\"Impronta - Chiemsee Yachting\",\"isPartOf\":{\"@id\":\"https:\\\/\\\/chiemsee-yachting.com\\\/it\\\/#website\"},\"datePublished\":\"2024-11-26T12:18:44+00:00\",\"dateModified\":\"2024-11-26T12:18:47+00:00\",\"breadcrumb\":{\"@id\":\"https:\\\/\\\/chiemsee-yachting.com\\\/it\\\/impronta\\\/#breadcrumb\"},\"inLanguage\":\"it-IT\",\"potentialAction\":[{\"@type\":\"ReadAction\",\"target\":[\"https:\\\/\\\/chiemsee-yachting.com\\\/it\\\/impronta\\\/\"]}]},{\"@type\":\"BreadcrumbList\",\"@id\":\"https:\\\/\\\/chiemsee-yachting.com\\\/it\\\/impronta\\\/#breadcrumb\",\"itemListElement\":[{\"@type\":\"ListItem\",\"position\":1,\"name\":\"Home\",\"item\":\"https:\\\/\\\/chiemsee-yachting.com\\\/it\\\/casa\\\/\"},{\"@type\":\"ListItem\",\"position\":2,\"name\":\"Impronta\"}]},{\"@type\":\"WebSite\",\"@id\":\"https:\\\/\\\/chiemsee-yachting.com\\\/it\\\/#website\",\"url\":\"https:\\\/\\\/chiemsee-yachting.com\\\/it\\\/\",\"name\":\"Chiemsee Yachting\",\"description\":\"\",\"potentialAction\":[{\"@type\":\"SearchAction\",\"target\":{\"@type\":\"EntryPoint\",\"urlTemplate\":\"https:\\\/\\\/chiemsee-yachting.com\\\/it\\\/?s={search_term_string}\"},\"query-input\":{\"@type\":\"PropertyValueSpecification\",\"valueRequired\":true,\"valueName\":\"search_term_string\"}}],\"inLanguage\":\"it-IT\"}]}<\/script>\n<!-- \/ Yoast SEO plugin. -->","yoast_head_json":{"title":"Impronta - Chiemsee Yachting","robots":{"index":"index","follow":"follow","max-snippet":"max-snippet:-1","max-image-preview":"max-image-preview:large","max-video-preview":"max-video-preview:-1"},"canonical":"https:\/\/chiemsee-yachting.com\/it\/impronta\/","og_locale":"it_IT","og_type":"article","og_title":"Impronta - Chiemsee Yachting","og_description":"Impronta Chiemsee Yachting St\u00f6tthamer Str. 43 D-83339 Chieming Telefono: +49 8664 9289971 E-mail:office@chiemsee-yachting.com Proprietario: Robert Hein Numero di identificazione dell&#8217;imposta sulle vendite secondo il \u00a7 27 a della legge sull&#8217;imposta sulle vendite: UID-No. DE208713382 Avviso legale\/disclaimer\/condizioni d&#8217;uso: Questo sito web \u00e8 stato compilato con cura. Tuttavia, n\u00e9 l&#8217;editore n\u00e9 i suoi agenti vicari possono assumersi [&hellip;]","og_url":"https:\/\/chiemsee-yachting.com\/it\/impronta\/","og_site_name":"Chiemsee Yachting","article_modified_time":"2024-11-26T12:18:47+00:00","twitter_card":"summary_large_image","twitter_misc":{"Tempo di lettura stimato":"1 minuto"},"schema":{"@context":"https:\/\/schema.org","@graph":[{"@type":"WebPage","@id":"https:\/\/chiemsee-yachting.com\/it\/impronta\/","url":"https:\/\/chiemsee-yachting.com\/it\/impronta\/","name":"Impronta - Chiemsee Yachting","isPartOf":{"@id":"https:\/\/chiemsee-yachting.com\/it\/#website"},"datePublished":"2024-11-26T12:18:44+00:00","dateModified":"2024-11-26T12:18:47+00:00","breadcrumb":{"@id":"https:\/\/chiemsee-yachting.com\/it\/impronta\/#breadcrumb"},"inLanguage":"it-IT","potentialAction":[{"@type":"ReadAction","target":["https:\/\/chiemsee-yachting.com\/it\/impronta\/"]}]},{"@type":"BreadcrumbList","@id":"https:\/\/chiemsee-yachting.com\/it\/impronta\/#breadcrumb","itemListElement":[{"@type":"ListItem","position":1,"name":"Home","item":"https:\/\/chiemsee-yachting.com\/it\/casa\/"},{"@type":"ListItem","position":2,"name":"Impronta"}]},{"@type":"WebSite","@id":"https:\/\/chiemsee-yachting.com\/it\/#website","url":"https:\/\/chiemsee-yachting.com\/it\/","name":"Chiemsee Yachting","description":"","potentialAction":[{"@type":"SearchAction","target":{"@type":"EntryPoint","urlTemplate":"https:\/\/chiemsee-yachting.com\/it\/?s={search_term_string}"},"query-input":{"@type":"PropertyValueSpecification","valueRequired":true,"valueName":"search_term_string"}}],"inLanguage":"it-IT"}]}},"_links":{"self":[{"href":"https:\/\/chiemsee-yachting.com\/it\/wp-json\/wp\/v2\/pages\/5404","targetHints":{"allow":["GET"]}}],"collection":[{"href":"https:\/\/chiemsee-yachting.com\/it\/wp-json\/wp\/v2\/pages"}],"about":[{"href":"https:\/\/chiemsee-yachting.com\/it\/wp-json\/wp\/v2\/types\/page"}],"author":[{"embeddable":true,"href":"https:\/\/chiemsee-yachting.com\/it\/wp-json\/wp\/v2\/users\/1"}],"replies":[{"embeddable":true,"href":"https:\/\/chiemsee-yachting.com\/it\/wp-json\/wp\/v2\/comments?post=5404"}],"version-history":[{"count":1,"href":"https:\/\/chiemsee-yachting.com\/it\/wp-json\/wp\/v2\/pages\/5404\/revisions"}],"predecessor-version":[{"id":5405,"href":"https:\/\/chiemsee-yachting.com\/it\/wp-json\/wp\/v2\/pages\/5404\/revisions\/5405"}],"wp:attachment":[{"href":"https:\/\/chiemsee-yachting.com\/it\/wp-json\/wp\/v2\/media?parent=5404"}],"curies":[{"name":"wp","href":"https:\/\/api.w.org\/{rel}","templated":true}]}}