{"id":5414,"date":"2024-11-26T13:18:54","date_gmt":"2024-11-26T12:18:54","guid":{"rendered":"https:\/\/chiemsee-yachting.com\/odtis\/"},"modified":"2024-11-26T13:18:54","modified_gmt":"2024-11-26T12:18:54","slug":"odtis","status":"publish","type":"page","link":"https:\/\/chiemsee-yachting.com\/sl\/odtis\/","title":{"rendered":"Odtis"},"content":{"rendered":"\t\t<div data-elementor-type=\"wp-page\" data-elementor-id=\"5414\" class=\"elementor elementor-5414 elementor-665\" data-elementor-post-type=\"page\">\n\t\t\t\t\t\t<section class=\"elementor-section elementor-top-section elementor-element elementor-element-457840d1 elementor-section-boxed elementor-section-height-default elementor-section-height-default\" data-id=\"457840d1\" data-element_type=\"section\" data-e-type=\"section\">\n\t\t\t\t\t\t<div class=\"elementor-container elementor-column-gap-default\">\n\t\t\t\t\t<div class=\"elementor-column elementor-col-100 elementor-top-column elementor-element elementor-element-395a6fac\" data-id=\"395a6fac\" data-element_type=\"column\" data-e-type=\"column\">\n\t\t\t<div class=\"elementor-widget-wrap elementor-element-populated\">\n\t\t\t\t\t\t<div class=\"elementor-element elementor-element-75cb9bd elementor-widget elementor-widget-heading\" data-id=\"75cb9bd\" data-element_type=\"widget\" data-e-type=\"widget\" data-widget_type=\"heading.default\">\n\t\t\t\t\t<h1 class=\"elementor-heading-title elementor-size-default\">Odtis<\/h1>\t\t\t\t<\/div>\n\t\t\t\t\t<\/div>\n\t\t<\/div>\n\t\t\t\t\t<\/div>\n\t\t<\/section>\n\t\t\t\t<section class=\"elementor-section elementor-top-section elementor-element elementor-element-c5d47ed elementor-section-boxed elementor-section-height-default elementor-section-height-default\" data-id=\"c5d47ed\" data-element_type=\"section\" data-e-type=\"section\">\n\t\t\t\t\t\t<div class=\"elementor-container elementor-column-gap-default\">\n\t\t\t\t\t<div class=\"elementor-column elementor-col-100 elementor-top-column elementor-element elementor-element-f90861b\" data-id=\"f90861b\" data-element_type=\"column\" data-e-type=\"column\">\n\t\t\t<div class=\"elementor-widget-wrap elementor-element-populated\">\n\t\t\t\t\t\t<div class=\"elementor-element elementor-element-1ed7c0a elementor-widget elementor-widget-text-editor\" data-id=\"1ed7c0a\" data-element_type=\"widget\" data-e-type=\"widget\" data-widget_type=\"text-editor.default\">\n\t\t\t\t\t\t\t\t\t<p>Chiemsee Yachting St\u00f6tthamer Str. 43 D-83339 Chieming<\/p>\n<p>Telefon: <a href=\"tel:+4986649289971\" target=\"_blank\" rel=\"noopener\">+49 8664 9289971<\/a> E-naslov:<a href=\"mailto:office@chiemsee-yachting.com\" target=\"_blank\" rel=\"noopener\">office@chiemsee-yachting.com<\/a><\/p>\n<p>Lastnik: Robert Hein Identifikacijska \u0161tevilka za davek na dodano vrednost v skladu s \u010dlenom 27 a zakona o davku na dodano vrednost: UID-\u0161tevilka DE208713382  <\/p>\n<p>Pravno obvestilo\/izjava o omejitvi odgovornosti\/pogoji uporabe: Ta spletna stran je bila skrbno pripravljena. Kljub temu niti izdajatelj niti njegovi poobla\u0161\u010denci ne morejo prevzeti nobene odgovornosti za morebitne pomanjkljivosti ali \u0161kodo, ki bi nastala zaradi posredovanih informacij, priporo\u010dil ali nasvetov. <\/p>\n<p>Izjava o omejitvi odgovornosti: Kljub skrbnemu nadzoru vsebine ne prevzemamo odgovornosti za vsebino zunanjih povezav. Za vsebino povezanih strani so odgovorni izklju\u010dno njihovi upravljavci. <\/p>\n<p>Avtorske pravice: Vse pravice pridr\u017eane, vklju\u010dno s pravicami do fotomehanskega in podatkovnega razmno\u017eevanja ter shranjevanja v elektronskih medijih. Za razmno\u017eevanje natisnjenih besedilnih prispevkov, fotografij in logotipov, ki presega en izvod, namenjen osebni uporabi, je potrebno na\u0161e pisno dovoljenje, zlasti v komercialne namene. <\/p>\n\t\t\t\t\t\t\t\t<\/div>\n\t\t\t\t\t<\/div>\n\t\t<\/div>\n\t\t\t\t\t<\/div>\n\t\t<\/section>\n\t\t\t\t<\/div>\n\t\t","protected":false},"excerpt":{"rendered":"<p>Odtis Chiemsee Yachting St\u00f6tthamer Str. 43 D-83339 Chieming Telefon: +49 8664 9289971 E-naslov:office@chiemsee-yachting.com Lastnik: Robert Hein Identifikacijska \u0161tevilka za davek na dodano vrednost v skladu s \u010dlenom 27 a zakona o davku na dodano vrednost: UID-\u0161tevilka DE208713382 Pravno obvestilo\/izjava o omejitvi odgovornosti\/pogoji uporabe: Ta spletna stran je bila skrbno pripravljena. Kljub temu niti izdajatelj niti [&hellip;]<\/p>\n","protected":false},"author":1,"featured_media":0,"parent":0,"menu_order":0,"comment_status":"closed","ping_status":"open","template":"","meta":{"_acf_changed":false,"site-sidebar-layout":"no-sidebar","site-content-layout":"page-builder","ast-site-content-layout":"full-width-container","site-content-style":"unboxed","site-sidebar-style":"unboxed","ast-global-header-display":"","ast-banner-title-visibility":"","ast-main-header-display":"","ast-hfb-above-header-display":"","ast-hfb-below-header-display":"","ast-hfb-mobile-header-display":"","site-post-title":"disabled","ast-breadcrumbs-content":"","ast-featured-img":"disabled","footer-sml-layout":"","ast-disable-related-posts":"","theme-transparent-header-meta":"enabled","adv-header-id-meta":"","stick-header-meta":"default","header-above-stick-meta":"","header-main-stick-meta":"","header-below-stick-meta":"","astra-migrate-meta-layouts":"default","ast-page-background-enabled":"default","ast-page-background-meta":{"desktop":{"background-color":"","background-image":"","background-repeat":"repeat","background-position":"center center","background-size":"auto","background-attachment":"scroll","background-type":"","background-media":"","overlay-type":"","overlay-color":"","overlay-opacity":"","overlay-gradient":""},"tablet":{"background-color":"","background-image":"","background-repeat":"repeat","background-position":"center center","background-size":"auto","background-attachment":"scroll","background-type":"","background-media":"","overlay-type":"","overlay-color":"","overlay-opacity":"","overlay-gradient":""},"mobile":{"background-color":"","background-image":"","background-repeat":"repeat","background-position":"center center","background-size":"auto","background-attachment":"scroll","background-type":"","background-media":"","overlay-type":"","overlay-color":"","overlay-opacity":"","overlay-gradient":""}},"ast-content-background-meta":{"desktop":{"background-color":"var(--ast-global-color-5)","background-image":"","background-repeat":"repeat","background-position":"center center","background-size":"auto","background-attachment":"scroll","background-type":"","background-media":"","overlay-type":"","overlay-color":"","overlay-opacity":"","overlay-gradient":""},"tablet":{"background-color":"var(--ast-global-color-5)","background-image":"","background-repeat":"repeat","background-position":"center center","background-size":"auto","background-attachment":"scroll","background-type":"","background-media":"","overlay-type":"","overlay-color":"","overlay-opacity":"","overlay-gradient":""},"mobile":{"background-color":"var(--ast-global-color-5)","background-image":"","background-repeat":"repeat","background-position":"center center","background-size":"auto","background-attachment":"scroll","background-type":"","background-media":"","overlay-type":"","overlay-color":"","overlay-opacity":"","overlay-gradient":""}},"footnotes":""},"class_list":["post-5414","page","type-page","status-publish","hentry"],"acf":[],"yoast_head":"<!-- This site is optimized with the Yoast SEO plugin v27.5 - https:\/\/yoast.com\/product\/yoast-seo-wordpress\/ -->\n<title>Odtis - Chiemsee Yachting<\/title>\n<meta name=\"robots\" content=\"index, follow, max-snippet:-1, max-image-preview:large, max-video-preview:-1\" \/>\n<link rel=\"canonical\" href=\"https:\/\/chiemsee-yachting.com\/sl\/odtis\/\" \/>\n<meta property=\"og:locale\" content=\"sl_SI\" \/>\n<meta property=\"og:type\" content=\"article\" \/>\n<meta property=\"og:title\" content=\"Odtis - Chiemsee Yachting\" \/>\n<meta property=\"og:description\" content=\"Odtis Chiemsee Yachting St\u00f6tthamer Str. 43 D-83339 Chieming Telefon: +49 8664 9289971 E-naslov:office@chiemsee-yachting.com Lastnik: Robert Hein Identifikacijska \u0161tevilka za davek na dodano vrednost v skladu s \u010dlenom 27 a zakona o davku na dodano vrednost: UID-\u0161tevilka DE208713382 Pravno obvestilo\/izjava o omejitvi odgovornosti\/pogoji uporabe: Ta spletna stran je bila skrbno pripravljena. Kljub temu niti izdajatelj niti [&hellip;]\" \/>\n<meta property=\"og:url\" content=\"https:\/\/chiemsee-yachting.com\/sl\/odtis\/\" \/>\n<meta property=\"og:site_name\" content=\"Chiemsee Yachting\" \/>\n<meta name=\"twitter:card\" content=\"summary_large_image\" \/>\n<meta name=\"twitter:label1\" content=\"Est. reading time\" \/>\n\t<meta name=\"twitter:data1\" content=\"1 minuta\" \/>\n<script type=\"application\/ld+json\" class=\"yoast-schema-graph\">{\"@context\":\"https:\\\/\\\/schema.org\",\"@graph\":[{\"@type\":\"WebPage\",\"@id\":\"https:\\\/\\\/chiemsee-yachting.com\\\/sl\\\/odtis\\\/\",\"url\":\"https:\\\/\\\/chiemsee-yachting.com\\\/sl\\\/odtis\\\/\",\"name\":\"Odtis - Chiemsee Yachting\",\"isPartOf\":{\"@id\":\"https:\\\/\\\/chiemsee-yachting.com\\\/sl\\\/#website\"},\"datePublished\":\"2024-11-26T12:18:54+00:00\",\"breadcrumb\":{\"@id\":\"https:\\\/\\\/chiemsee-yachting.com\\\/sl\\\/odtis\\\/#breadcrumb\"},\"inLanguage\":\"sl-SI\",\"potentialAction\":[{\"@type\":\"ReadAction\",\"target\":[\"https:\\\/\\\/chiemsee-yachting.com\\\/sl\\\/odtis\\\/\"]}]},{\"@type\":\"BreadcrumbList\",\"@id\":\"https:\\\/\\\/chiemsee-yachting.com\\\/sl\\\/odtis\\\/#breadcrumb\",\"itemListElement\":[{\"@type\":\"ListItem\",\"position\":1,\"name\":\"Home\",\"item\":\"https:\\\/\\\/chiemsee-yachting.com\\\/sl\\\/domov\\\/\"},{\"@type\":\"ListItem\",\"position\":2,\"name\":\"Odtis\"}]},{\"@type\":\"WebSite\",\"@id\":\"https:\\\/\\\/chiemsee-yachting.com\\\/sl\\\/#website\",\"url\":\"https:\\\/\\\/chiemsee-yachting.com\\\/sl\\\/\",\"name\":\"Chiemsee Yachting\",\"description\":\"\",\"potentialAction\":[{\"@type\":\"SearchAction\",\"target\":{\"@type\":\"EntryPoint\",\"urlTemplate\":\"https:\\\/\\\/chiemsee-yachting.com\\\/sl\\\/?s={search_term_string}\"},\"query-input\":{\"@type\":\"PropertyValueSpecification\",\"valueRequired\":true,\"valueName\":\"search_term_string\"}}],\"inLanguage\":\"sl-SI\"}]}<\/script>\n<!-- \/ Yoast SEO plugin. -->","yoast_head_json":{"title":"Odtis - Chiemsee Yachting","robots":{"index":"index","follow":"follow","max-snippet":"max-snippet:-1","max-image-preview":"max-image-preview:large","max-video-preview":"max-video-preview:-1"},"canonical":"https:\/\/chiemsee-yachting.com\/sl\/odtis\/","og_locale":"sl_SI","og_type":"article","og_title":"Odtis - Chiemsee Yachting","og_description":"Odtis Chiemsee Yachting St\u00f6tthamer Str. 43 D-83339 Chieming Telefon: +49 8664 9289971 E-naslov:office@chiemsee-yachting.com Lastnik: Robert Hein Identifikacijska \u0161tevilka za davek na dodano vrednost v skladu s \u010dlenom 27 a zakona o davku na dodano vrednost: UID-\u0161tevilka DE208713382 Pravno obvestilo\/izjava o omejitvi odgovornosti\/pogoji uporabe: Ta spletna stran je bila skrbno pripravljena. Kljub temu niti izdajatelj niti [&hellip;]","og_url":"https:\/\/chiemsee-yachting.com\/sl\/odtis\/","og_site_name":"Chiemsee Yachting","twitter_card":"summary_large_image","twitter_misc":{"Est. reading time":"1 minuta"},"schema":{"@context":"https:\/\/schema.org","@graph":[{"@type":"WebPage","@id":"https:\/\/chiemsee-yachting.com\/sl\/odtis\/","url":"https:\/\/chiemsee-yachting.com\/sl\/odtis\/","name":"Odtis - Chiemsee Yachting","isPartOf":{"@id":"https:\/\/chiemsee-yachting.com\/sl\/#website"},"datePublished":"2024-11-26T12:18:54+00:00","breadcrumb":{"@id":"https:\/\/chiemsee-yachting.com\/sl\/odtis\/#breadcrumb"},"inLanguage":"sl-SI","potentialAction":[{"@type":"ReadAction","target":["https:\/\/chiemsee-yachting.com\/sl\/odtis\/"]}]},{"@type":"BreadcrumbList","@id":"https:\/\/chiemsee-yachting.com\/sl\/odtis\/#breadcrumb","itemListElement":[{"@type":"ListItem","position":1,"name":"Home","item":"https:\/\/chiemsee-yachting.com\/sl\/domov\/"},{"@type":"ListItem","position":2,"name":"Odtis"}]},{"@type":"WebSite","@id":"https:\/\/chiemsee-yachting.com\/sl\/#website","url":"https:\/\/chiemsee-yachting.com\/sl\/","name":"Chiemsee Yachting","description":"","potentialAction":[{"@type":"SearchAction","target":{"@type":"EntryPoint","urlTemplate":"https:\/\/chiemsee-yachting.com\/sl\/?s={search_term_string}"},"query-input":{"@type":"PropertyValueSpecification","valueRequired":true,"valueName":"search_term_string"}}],"inLanguage":"sl-SI"}]}},"_links":{"self":[{"href":"https:\/\/chiemsee-yachting.com\/sl\/wp-json\/wp\/v2\/pages\/5414","targetHints":{"allow":["GET"]}}],"collection":[{"href":"https:\/\/chiemsee-yachting.com\/sl\/wp-json\/wp\/v2\/pages"}],"about":[{"href":"https:\/\/chiemsee-yachting.com\/sl\/wp-json\/wp\/v2\/types\/page"}],"author":[{"embeddable":true,"href":"https:\/\/chiemsee-yachting.com\/sl\/wp-json\/wp\/v2\/users\/1"}],"replies":[{"embeddable":true,"href":"https:\/\/chiemsee-yachting.com\/sl\/wp-json\/wp\/v2\/comments?post=5414"}],"version-history":[{"count":1,"href":"https:\/\/chiemsee-yachting.com\/sl\/wp-json\/wp\/v2\/pages\/5414\/revisions"}],"predecessor-version":[{"id":5415,"href":"https:\/\/chiemsee-yachting.com\/sl\/wp-json\/wp\/v2\/pages\/5414\/revisions\/5415"}],"wp:attachment":[{"href":"https:\/\/chiemsee-yachting.com\/sl\/wp-json\/wp\/v2\/media?parent=5414"}],"curies":[{"name":"wp","href":"https:\/\/api.w.org\/{rel}","templated":true}]}}