{"id":5482,"date":"2024-11-26T13:31:34","date_gmt":"2024-11-26T12:31:34","guid":{"rendered":"https:\/\/chiemsee-yachting.com\/politika-zasebnosti\/"},"modified":"2025-10-08T10:42:09","modified_gmt":"2025-10-08T08:42:09","slug":"politika-zasebnosti","status":"publish","type":"page","link":"https:\/\/chiemsee-yachting.com\/sl\/politika-zasebnosti\/","title":{"rendered":"Politika zasebnosti"},"content":{"rendered":"\t\t<div data-elementor-type=\"wp-page\" data-elementor-id=\"5482\" class=\"elementor elementor-5482 elementor-3\" data-elementor-post-type=\"page\">\n\t\t\t\t\t\t<section class=\"elementor-section elementor-top-section elementor-element elementor-element-dfd05d3 elementor-section-boxed elementor-section-height-default elementor-section-height-default\" data-id=\"dfd05d3\" data-element_type=\"section\" data-e-type=\"section\">\n\t\t\t\t\t\t<div class=\"elementor-container elementor-column-gap-default\">\n\t\t\t\t\t<div class=\"elementor-column elementor-col-100 elementor-top-column elementor-element elementor-element-4b2b71a\" data-id=\"4b2b71a\" data-element_type=\"column\" data-e-type=\"column\">\n\t\t\t<div class=\"elementor-widget-wrap elementor-element-populated\">\n\t\t\t\t\t\t<div class=\"elementor-element elementor-element-673c11e elementor-widget elementor-widget-heading\" data-id=\"673c11e\" data-element_type=\"widget\" data-e-type=\"widget\" data-widget_type=\"heading.default\">\n\t\t\t\t\t<h1 class=\"elementor-heading-title elementor-size-default\">Politika zasebnosti<\/h1>\t\t\t\t<\/div>\n\t\t\t\t\t<\/div>\n\t\t<\/div>\n\t\t\t\t\t<\/div>\n\t\t<\/section>\n\t\t\t\t<section class=\"elementor-section elementor-top-section elementor-element elementor-element-466dcce5 elementor-section-boxed elementor-section-height-default elementor-section-height-default\" data-id=\"466dcce5\" data-element_type=\"section\" data-e-type=\"section\">\n\t\t\t\t\t\t<div class=\"elementor-container elementor-column-gap-default\">\n\t\t\t\t\t<div class=\"elementor-column elementor-col-100 elementor-top-column elementor-element elementor-element-67659481\" data-id=\"67659481\" data-element_type=\"column\" data-e-type=\"column\">\n\t\t\t<div class=\"elementor-widget-wrap elementor-element-populated\">\n\t\t\t\t\t\t<div class=\"elementor-element elementor-element-2a151725 elementor-widget elementor-widget-text-editor\" data-id=\"2a151725\" data-element_type=\"widget\" data-e-type=\"widget\" data-widget_type=\"text-editor.default\">\n\t\t\t\t\t\t\t\t\t<h2>Osnove<\/h2>\nTa izjava o varstvu podatkov je namenjena obve\u0161\u010danju uporabnikov tega spletnega mesta o vrsti, obsegu in namenu zbiranja in uporabe osebnih podatkov s strani upravljavca spletnega mesta Chiemsee Yachting, St\u00f6tthamer Str. 43, 83339 Chieming, Nem\u010dija.\n\nUpravljavec spletnega mesta zelo resno jemlje varstvo va\u0161ih podatkov in z njimi ravna zaupno ter v skladu z zakonskimi dolo\u010dbami. Ker lahko nove tehnologije in stalen nadaljnji razvoj tega spletnega mesta povzro\u010dijo spremembe te izjave o varstvu podatkov, vam priporo\u010damo, da izjavo o varstvu podatkov redno ponovno preberete. \n\nOpredelitve uporabljenih izrazov (npr. &#8220;osebni podatki&#8221; ali &#8220;obdelava&#8221;) so na voljo v \u010dlenu 4 GDPR.\n<h2>Dostop do podatkov<\/h2>\nMi, upravljavec spletnega mesta ali ponudnik strani, zbiramo podatke o dostopu do spletnega mesta na podlagi na\u0161ega zakonitega interesa (glej \u010dlen 6(1)(f) GDPR) in jih shranjujemo kot &#8220;stre\u017eni\u0161ke dnevni\u0161ke datoteke&#8221; na stre\u017eniku spletnega mesta. Na ta na\u010din se bele\u017eijo naslednji podatki: \n<ul>\n \t<li>Obiskana spletna stran<\/li>\n \t<li>\u010cas v \u010dasu dostopa<\/li>\n \t<li>Koli\u010dina poslanih podatkov v bajtih<\/li>\n \t<li>Vir\/odnos, iz katerega ste pri\u0161li na stran<\/li>\n \t<li>Uporabljeni brskalnik<\/li>\n \t<li>Uporabljeni operacijski sistem<\/li>\n \t<li>Uporabljeni naslov IP<\/li>\n<\/ul>\nDatoteke dnevnika stre\u017enika so shranjene najve\u010d 7 dni in nato izbrisane. Podatki se shranjujejo iz varnostnih razlogov, npr. za razjasnitev primerov zlorabe. \u010ce je treba podatke zaradi dokazovanja preklicati, so izklju\u010deni iz izbrisa, dokler incident ni dokon\u010dno razjasnjen.  \n<h2>Merjenje dosega in pi\u0161kotki<\/h2>\nTo spletno mesto uporablja pi\u0161kotke za psevdonimizirano merjenje dosega, ki se v brskalnik uporabnika prenesejo z na\u0161ega stre\u017enika ali stre\u017enika tretje osebe. Pi\u0161kotki so majhne datoteke, ki so shranjene v va\u0161i kon\u010dni napravi. Do teh datotek dostopa va\u0161 brskalnik.\nUporaba pi\u0161kotkov pove\u010duje uporabni\u0161ko prijaznost in varnost tega spletnega mesta. \u010ce ne \u017eelite, da se pi\u0161kotki za merjenje dosega shranjujejo v va\u0161o kon\u010dno napravo, lahko uporabi teh datotek nasprotujete tukaj:   \n<ul>\n \t<li>Stran za deaktivacijo pi\u0161kotkov ogla\u0161evalske pobude omre\u017eja: http:\/\/optout.networkadvertising.org\/?c=1#!\/<\/li>\n \t<li>Stran za deaktivacijo pi\u0161kotkov na spletnem mestu ZDA: http:\/\/optout.aboutads.info\/?c=2#!\/<\/li>\n \t<li>Stran za deaktivacijo pi\u0161kotkov na evropskem spletnem mestu: http:\/\/optout.networkadvertising.org\/?c=1#!\/<\/li>\n<\/ul>\nObi\u010dajni brskalniki ponujajo mo\u017enost, da pi\u0161kotkov ne dovolite. Opomba: Ni zagotovila, da boste lahko brez omejitev dostopali do vseh funkcij tega spletnega mesta, \u010de boste opravili ustrezne nastavitve. \n<h2>Zbiranje in obdelava osebnih podatkov<\/h2>\nUpravljavec spletne strani zbira, uporablja in posreduje va\u0161e osebne podatke le, \u010de je to dovoljeno v okviru zakonskih dolo\u010db ali \u010de se strinjate z zbiranjem podatkov.\nOsebni podatki so vse informacije, ki slu\u017eijo za identifikacijo va\u0161e osebe in ki se lahko pove\u017eejo z vami \u2013 na primer va\u0161e ime, e-po\u0161tni naslov in telefonska \u0161tevilka.\n\nTo spletno mesto lahko obi\u0161\u010dete tudi brez posredovanja osebnih podatkov. Da bi izbolj\u0161ali na\u0161e spletne storitve, pa shranjujemo podatke o va\u0161em dostopu do tega spletnega mesta (brez osebne navedbe). Ti podatki o dostopu vklju\u010dujejo na primer datoteko, ki ste jo zahtevali, ali ime va\u0161ega internetnega ponudnika. Z anonimizacijo podatkov ni mogo\u010de sklepati o va\u0161i osebi.   \n\nKako zbiramo in obdelujemo svoje podatke:\n<ul>\n \t<li>Obdelujemo osebne podatke, kot so ime, priimek, naslov IP, e-po\u0161tni naslov, kraj prebivali\u0161\u010da, po\u0161tna \u0161tevilka in podatki o vsebini iz kontaktnega obrazca.<\/li>\n \t<li>Osebne podatke obdelujemo le z izrecnim dovoljenjem zadevnih uporabnikov in v skladu z veljavnimi predpisi o varstvu podatkov.<\/li>\n \t<li>Osebne podatke obdelujemo na podlagi na\u0161ega zakonitega interesa za izpolnjevanje pogodbeno dogovorjenih storitev in optimizacijo na\u0161e spletne ponudbe.<\/li>\n<\/ul>\n<h2>Ravnanje s kontaktnimi podatki<\/h2>\n\u010ce nas kot upravljavca spletnega mesta kontaktirate prek ponujenih kontaktnih mo\u017enosti, bodo va\u0161i podatki shranjeni tako, da jih bomo lahko uporabili za obdelavo va\u0161ega povpra\u0161evanja in odgovor nanj. Ti podatki ne bodo posredovani tretjim osebam brez va\u0161ega soglasja. \n<h2>Obravnava pripomb in prispevkov<\/h2>\n\u010ce na tem spletnem mestu pustite objavo ali komentar, bo shranjen va\u0161 naslov IP. To se izvaja na podlagi na\u0161ih zakonitih interesov v smislu \u010dlena 6(1)(f) GDPR. GDPR in slu\u017ei varnosti nas kot upravljavca spletnega mesta: \u010ce namre\u010d va\u0161 komentar kr\u0161i veljavno zakonodajo, smo lahko zaradi tega kazensko preganjani, zato nas zanima identiteta avtorja komentarja ali objave.   \n\n<h2>Matomo<\/h2>\n<p>To spletno mesto uporablja odprtokodno storitev za spletno analizo Matomo.<\/p>\n\n<p>S pomo\u010djo Matomo lahko zbiramo in analiziramo podatke o uporabi na\u0161e spletne strani s strani obiskovalcev. Na ta na\u010din lahko med drugim ugotovimo, kdaj so bile opravljene oglede strani in iz katere regije prihajajo. Poleg tega zbiramo razli\u010dne dnevni\u0161ke datoteke (npr. IP-naslov, referrer, uporabljeni brskalniki in operacijski sistemi) in lahko merimo, ali obiskovalci na\u0161e spletne strani izvajajo dolo\u010dene akcije (npr. kliki, nakupi in podobno).  \n\nUporaba tega analiti\u010dnega orodja temelji na \u010dlenu 6(1)(f) GDPR. Upravljavec spletnega mesta ima upravi\u010den interes za analizo vedenja uporabnikov, da lahko optimizira svojo spletno ponudbo in ogla\u0161evanje. \u010ce je bilo pridobljeno ustrezno soglasje, se obdelava izvaja izklju\u010dno na podlagi \u010dlena 6(1)(a) GDPR in \u00a7 25(1) TTDSG, \u010de soglasje vklju\u010duje shranjevanje pi\u0161kotkov ali dostop do informacij v kon\u010dni napravi uporabnika (npr. prstni odtis naprave) v smislu TTDSG. Soglasje je mogo\u010de kadar koli preklicati.        <\/p>\n\n<h3>anonimizacija IP<\/h3>\n<p>Za analizo z Matomo uporabljamo anonimizacijo IP. To pomeni, da se va\u0161 naslov IP pred analizo skraj\u0161a, tako da ga ni ve\u010d mogo\u010de jasno pripisati vam. <\/p>\n\n<h3>Analiza brez kuhanja<\/h3>\n<p>Matomo smo konfigurirali tako, da Matomo v va\u0161em brskalniku ne shranjuje pi\u0161kotkov.<\/p>\n\n<h3>Gostovanje<\/h3>\n<p>Matomo gostimo izklju\u010dno na lastnih stre\u017enikih, tako da vsi podatki o analizi ostanejo pri nas in se ne posredujejo naprej.<\/p>\n\n<h2>Google Analytics<\/h2>\nZaradi na\u0161ega zakonitega interesa za optimizacijo in analizo na\u0161e spletne ponudbe v smislu \u010dlena 6(1)(f) GDPR to spletno mesto uporablja storitev &#8220;Google Analytics&#8221;, ki jo ponuja dru\u017eba Google Inc. GDPR storitev &#8220;Google Analytics&#8221;, ki jo ponuja dru\u017eba Google Inc. (1600 Amphitheatre Parkway Mountain View, CA 94043, ZDA). Storitev (Google Analytics) uporablja &#8220;pi\u0161kotke&#8221; &#8211; besedilne datoteke, ki so shranjene v va\u0161i kon\u010dni napravi. Informacije, zbrane s pi\u0161kotki, se obi\u010dajno po\u0161ljejo na Googlov stre\u017enik v ZDA in tam shranijo.     \n\nDru\u017eba Google LLC ravna v skladu z evropsko zakonodajo o varstvu podatkov in je certificirana v skladu s Sporazumom o \u0161\u010ditu zasebnosti: https:\/\/www.privacyshield.gov\/participant?id=a2zt000000001L5AAI&amp;status=Active\n\nNa tem spletnem mestu se uporablja anonimizacija IP. Naslov IP uporabnikov se skraj\u0161a v dr\u017eavah \u010dlanicah EU in Evropskega gospodarskega prostora ter v drugih dr\u017eavah podpisnicah sporazuma. Le v posameznih primerih se naslov IP najprej v celoti prenese na Googlov stre\u017enik v ZDA in se tam skraj\u0161a. To skraj\u0161anje odpravi osebno referenco va\u0161ega naslova IP. Uporabnikov naslov IP, ki ga posreduje brskalnik, ni zdru\u017een z drugimi podatki, ki jih hrani Google.    \n\nV okviru pogodbe o posredovanju podatkov, ki smo jo kot upravljavec spletnega mesta sklenili z dru\u017ebo Google Inc., dru\u017eba Google Inc. uporablja zbrane informacije za analizo uporabe spletnega mesta in dejavnosti na spletnem mestu ter zagotavlja storitve, povezane z uporabo interneta. \n\nPodatki, ki jih Google zbira v na\u0161em imenu, se uporabljajo za analizo uporabe na\u0161e spletne ponudbe s strani posameznih uporabnikov, npr. za pripravo poro\u010dil o dejavnosti na spletnem mestu, da bi izbolj\u0161ali na\u0161o spletno ponudbo.\n\nShranjevanje pi\u0161kotkov v svoji napravi lahko prepre\u010dite z ustreznimi nastavitvami v brskalniku. \u010ce va\u0161 brskalnik ne dovoljuje pi\u0161kotkov, ni zagotovila, da boste lahko brez omejitev dostopali do vseh funkcij tega spletnega mesta. \n\nUporabite lahko tudi vti\u010dnik brskalnika, s katerim prepre\u010dite, da bi se informacije, zbrane s pi\u0161kotki (vklju\u010dno z va\u0161im naslovom IP), po\u0161iljale dru\u017ebi Google Inc. in da bi jih dru\u017eba Google Inc. uporabljala. Naslednja povezava vas bo pripeljala do ustreznega vti\u010dnika: https:\/\/tools.google.com\/dlpage\/gaoptout?hl=de   \n\nS klikom na to povezavo (POMEMBNO: vstavite povezavo za odjavo) lahko prepre\u010dite, da bi Google Analytics zbiral podatke o vas na tem spletnem mestu. S klikom na zgornjo povezavo prenesete &#8220;pi\u0161kotek za odjavo&#8221;. Va\u0161 brskalnik mora zato dovoliti shranjevanje pi\u0161kotkov. \u010ce pi\u0161kotke redno bri\u0161ete, boste morali ob vsakem obisku tega spletnega mesta znova klikniti na povezavo.   \n\nTu boste na\u0161li dodatne informacije o uporabi podatkov s strani dru\u017ebe Google Inc:\n<ul>\n \t<li>https:\/\/policies.google.com\/privacy\/partners?hl=de (podatki, ki jih zbirajo Googlovi partnerji).<\/li>\n \t<li>https:\/\/adssettings.google.de\/authenticated (nastavitve oglasov, ki se vam prikazujejo).<\/li>\n \t<li>https:\/\/policies.google.com\/technologies\/ads?hl=de (uporaba pi\u0161kotkov v oglasih)<\/li>\n<\/ul>\n<h2>Uporaba vti\u010dnikov dru\u017eabnih medijev iz Facebooka<\/h2>\nZaradi na\u0161ega zakonitega interesa za analizo, optimizacijo in delovanje na\u0161e spletne ponudbe (v smislu \u010dlena 6(1)(f) GDPR) to spletno mesto uporablja dru\u017eabni vti\u010dnik Facebook, ki ga upravlja dru\u017eba Facebook Inc (1 Hacker Way, Menlo Park, California 94025, ZDA). Integracije je mogo\u010de prepoznati po logotipu Facebook ali izrazih &#8220;Like&#8221;, &#8220;V\u0161e\u010d mi je&#8221;, &#8220;Share&#8221; v barvah Facebook (modra in bela). Informacije o vseh vti\u010dnikih za Facebook so na voljo na naslednji povezavi: https:\/\/developers.facebook.com\/docs\/plugins\/.   \n\nDru\u017eba Facebook Inc. ravna v skladu z evropsko zakonodajo o varstvu podatkov in je certificirana v okviru sporazuma o zasebnostnem \u0161\u010ditu: https:\/\/www.privacyshield.gov\/participant?id=a2zt0000000GnywAAC&amp;status=Active \n\nVti\u010dnik vzpostavi neposredno povezavo med va\u0161im brskalnikom in stre\u017eniki Facebooka. Upravljavec spletnega mesta nima nobenega vpliva na vrsto in obseg podatkov, ki jih vti\u010dnik posreduje stre\u017enikom dru\u017ebe Facebook Inc. Informacije o tem najdete tukaj: https:\/\/www.facebook.com\/help\/186325668085084   \n\nVti\u010dnik obvesti dru\u017ebo Facebook Inc., da ste kot uporabnik obiskali to spletno mesto. Obstaja mo\u017enost, da bo shranjen va\u0161 naslov IP. \u010ce ste med obiskom tega spletnega mesta prijavljeni v svoj ra\u010dun Facebook, bodo te informacije povezane z njim.   \n\n\u010ce uporabljate funkcije vti\u010dnika \u2013 na primer, \u010de delite ali \u00bbv\u0161e\u010dkate\u00ab prispevek \u2013, se ustrezne informacije prav tako posredujejo dru\u017ebi Facebook Inc.\n\u010ce \u017eelite prepre\u010diti, da Facebook Inc. te podatke pove\u017ee z va\u0161im Facebook ra\u010dunom, se pred obiskom te spletne strani odjavite iz Facebooka in izbri\u0161ite shranjene pi\u0161kotke. Prek svojega Facebook profila lahko nastavite dodatne nastavitve za obdelavo podatkov v ogla\u0161evalske namene ali nasprotujete uporabi va\u0161ih podatkov v ogla\u0161evalske namene. Do nastavitev pridete tukaj:     \n<ul>\n \t<li>Nastavitve profila v Facebooku: https:\/\/www.facebook.com\/ads\/preferences\/?entry_product=ad_settings_screen<\/li>\n \t<li>Stran za deaktivacijo pi\u0161kotkov na spletnem mestu ZDA: http:\/\/optout.aboutads.info\/?c=2#!\/<\/li>\n \t<li>Stran za deaktivacijo pi\u0161kotkov na evropskem spletnem mestu: http:\/\/optout.networkadvertising.org\/?c=1#!\/<\/li>\n<\/ul>\nV Facebookovem pravilniku o zasebnosti lahko preverite, katere podatke, za kak\u0161en namen in v kak\u0161nem obsegu Facebook zbira, uporablja in obdeluje ter kak\u0161ne pravice in mo\u017enosti nastavitev imate za za\u0161\u010dito zasebnosti. Najdete jo tukaj: https:\/\/www.facebook.com\/about\/privacy\/ \n<h2>Pravice uporabnika<\/h2>\nKot uporabnik imate pravico zahtevati brezpla\u010dne informacije o tem, kateri osebni podatki so bili shranjeni o vas. Prav tako imate pravico zahtevati popravek nepravilnih podatkov in omejitev ali izbris obdelave va\u0161ih osebnih podatkov. Po potrebi lahko uveljavljate tudi pravico do prenosljivosti podatkov. \u010ce menite, da so bili va\u0161i podatki obdelani nezakonito, lahko vlo\u017eite prito\u017ebo pri pristojnem nadzornem organu.   \n<h2>Brisanje podatkov<\/h2>\n\u010ce va\u0161a zahteva ni v nasprotju z zakonsko obveznostjo hrambe podatkov (npr. hramba podatkov), imate pravico do izbrisa svojih podatkov. Podatki, ki jih hranimo, bodo izbrisani, \u010de ne bodo ve\u010d potrebni za predvideni namen in \u010de ni zakonsko dolo\u010denih obdobij hrambe. \u010ce izbrisa ni mogo\u010de izvesti, ker so podatki potrebni za odobrene zakonske namene, bo obdelava podatkov omejena. V tem primeru bodo podatki blokirani in se ne bodo obdelovali za druge namene.   \n<h2>Pravica do ugovora<\/h2>\nUporabniki tega spletnega mesta lahko kadar koli uveljavljajo pravico do ugovora in nasprotujejo obdelavi svojih osebnih podatkov.\n\n\u010ce \u017eelite popravek, blokiranje, izbris ali informacije o osebnih podatkih, shranjenih o vas, ali \u010de imate vpra\u0161anja v zvezi z zbiranjem, obdelavo ali uporabo va\u0161ih osebnih podatkov ali \u010de \u017eelite preklicati svojo privolitev, se obrnite na naslednji e-po\u0161tni naslov: datenschutz@chiemsee-yachting.de.\t\t\t\t\t\t\t\t<\/div>\n\t\t\t\t\t<\/div>\n\t\t<\/div>\n\t\t\t\t\t<\/div>\n\t\t<\/section>\n\t\t\t\t<\/div>\n\t\t","protected":false},"excerpt":{"rendered":"<p>Politika zasebnosti Osnove Ta izjava o varstvu podatkov je namenjena obve\u0161\u010danju uporabnikov tega spletnega mesta o vrsti, obsegu in namenu zbiranja in uporabe osebnih podatkov s strani upravljavca spletnega mesta Chiemsee Yachting, St\u00f6tthamer Str. 43, 83339 Chieming, Nem\u010dija. Upravljavec spletnega mesta zelo resno jemlje varstvo va\u0161ih podatkov in z njimi ravna zaupno ter v skladu [&hellip;]<\/p>\n","protected":false},"author":1,"featured_media":0,"parent":0,"menu_order":0,"comment_status":"closed","ping_status":"open","template":"","meta":{"_acf_changed":false,"site-sidebar-layout":"no-sidebar","site-content-layout":"page-builder","ast-site-content-layout":"full-width-container","site-content-style":"unboxed","site-sidebar-style":"unboxed","ast-global-header-display":"","ast-banner-title-visibility":"","ast-main-header-display":"","ast-hfb-above-header-display":"","ast-hfb-below-header-display":"","ast-hfb-mobile-header-display":"","site-post-title":"disabled","ast-breadcrumbs-content":"","ast-featured-img":"disabled","footer-sml-layout":"","ast-disable-related-posts":"","theme-transparent-header-meta":"enabled","adv-header-id-meta":"","stick-header-meta":"default","header-above-stick-meta":"","header-main-stick-meta":"","header-below-stick-meta":"","astra-migrate-meta-layouts":"default","ast-page-background-enabled":"default","ast-page-background-meta":{"desktop":{"background-color":"","background-image":"","background-repeat":"repeat","background-position":"center center","background-size":"auto","background-attachment":"scroll","background-type":"","background-media":"","overlay-type":"","overlay-color":"","overlay-opacity":"","overlay-gradient":""},"tablet":{"background-color":"","background-image":"","background-repeat":"repeat","background-position":"center center","background-size":"auto","background-attachment":"scroll","background-type":"","background-media":"","overlay-type":"","overlay-color":"","overlay-opacity":"","overlay-gradient":""},"mobile":{"background-color":"","background-image":"","background-repeat":"repeat","background-position":"center center","background-size":"auto","background-attachment":"scroll","background-type":"","background-media":"","overlay-type":"","overlay-color":"","overlay-opacity":"","overlay-gradient":""}},"ast-content-background-meta":{"desktop":{"background-color":"var(--ast-global-color-5)","background-image":"","background-repeat":"repeat","background-position":"center center","background-size":"auto","background-attachment":"scroll","background-type":"","background-media":"","overlay-type":"","overlay-color":"","overlay-opacity":"","overlay-gradient":""},"tablet":{"background-color":"var(--ast-global-color-5)","background-image":"","background-repeat":"repeat","background-position":"center center","background-size":"auto","background-attachment":"scroll","background-type":"","background-media":"","overlay-type":"","overlay-color":"","overlay-opacity":"","overlay-gradient":""},"mobile":{"background-color":"var(--ast-global-color-5)","background-image":"","background-repeat":"repeat","background-position":"center center","background-size":"auto","background-attachment":"scroll","background-type":"","background-media":"","overlay-type":"","overlay-color":"","overlay-opacity":"","overlay-gradient":""}},"footnotes":""},"class_list":["post-5482","page","type-page","status-publish","hentry"],"acf":[],"yoast_head":"<!-- This site is optimized with the Yoast SEO plugin v27.5 - https:\/\/yoast.com\/product\/yoast-seo-wordpress\/ -->\n<title>Politika zasebnosti - Chiemsee Yachting<\/title>\n<meta name=\"description\" content=\"Preberite vse o varstvu va\u0161ih podatkov pri Chiemsee Yachting. Va\u0161e varstvo podatkov nam je pomembno.\" \/>\n<meta name=\"robots\" content=\"index, follow, max-snippet:-1, max-image-preview:large, max-video-preview:-1\" \/>\n<link rel=\"canonical\" href=\"https:\/\/chiemsee-yachting.com\/sl\/politika-zasebnosti\/\" \/>\n<meta property=\"og:locale\" content=\"sl_SI\" \/>\n<meta property=\"og:type\" content=\"article\" \/>\n<meta property=\"og:title\" content=\"Politika zasebnosti - Chiemsee Yachting\" \/>\n<meta property=\"og:description\" content=\"Preberite vse o varstvu va\u0161ih podatkov pri Chiemsee Yachting. Va\u0161e varstvo podatkov nam je pomembno.\" \/>\n<meta property=\"og:url\" content=\"https:\/\/chiemsee-yachting.com\/sl\/politika-zasebnosti\/\" \/>\n<meta property=\"og:site_name\" content=\"Chiemsee Yachting\" \/>\n<meta property=\"article:modified_time\" content=\"2025-10-08T08:42:09+00:00\" \/>\n<meta name=\"twitter:card\" content=\"summary_large_image\" \/>\n<meta name=\"twitter:label1\" content=\"Est. reading time\" \/>\n\t<meta name=\"twitter:data1\" content=\"10 minut\" \/>\n<script type=\"application\/ld+json\" class=\"yoast-schema-graph\">{\"@context\":\"https:\\\/\\\/schema.org\",\"@graph\":[{\"@type\":\"WebPage\",\"@id\":\"https:\\\/\\\/chiemsee-yachting.com\\\/sl\\\/politika-zasebnosti\\\/\",\"url\":\"https:\\\/\\\/chiemsee-yachting.com\\\/sl\\\/politika-zasebnosti\\\/\",\"name\":\"Politika zasebnosti - Chiemsee Yachting\",\"isPartOf\":{\"@id\":\"https:\\\/\\\/chiemsee-yachting.com\\\/sl\\\/#website\"},\"datePublished\":\"2024-11-26T12:31:34+00:00\",\"dateModified\":\"2025-10-08T08:42:09+00:00\",\"description\":\"Preberite vse o varstvu va\u0161ih podatkov pri Chiemsee Yachting. Va\u0161e varstvo podatkov nam je pomembno.\",\"breadcrumb\":{\"@id\":\"https:\\\/\\\/chiemsee-yachting.com\\\/sl\\\/politika-zasebnosti\\\/#breadcrumb\"},\"inLanguage\":\"sl-SI\",\"potentialAction\":[{\"@type\":\"ReadAction\",\"target\":[\"https:\\\/\\\/chiemsee-yachting.com\\\/sl\\\/politika-zasebnosti\\\/\"]}]},{\"@type\":\"BreadcrumbList\",\"@id\":\"https:\\\/\\\/chiemsee-yachting.com\\\/sl\\\/politika-zasebnosti\\\/#breadcrumb\",\"itemListElement\":[{\"@type\":\"ListItem\",\"position\":1,\"name\":\"Home\",\"item\":\"https:\\\/\\\/chiemsee-yachting.com\\\/sl\\\/domov\\\/\"},{\"@type\":\"ListItem\",\"position\":2,\"name\":\"Politika zasebnosti\"}]},{\"@type\":\"WebSite\",\"@id\":\"https:\\\/\\\/chiemsee-yachting.com\\\/sl\\\/#website\",\"url\":\"https:\\\/\\\/chiemsee-yachting.com\\\/sl\\\/\",\"name\":\"Chiemsee Yachting\",\"description\":\"\",\"potentialAction\":[{\"@type\":\"SearchAction\",\"target\":{\"@type\":\"EntryPoint\",\"urlTemplate\":\"https:\\\/\\\/chiemsee-yachting.com\\\/sl\\\/?s={search_term_string}\"},\"query-input\":{\"@type\":\"PropertyValueSpecification\",\"valueRequired\":true,\"valueName\":\"search_term_string\"}}],\"inLanguage\":\"sl-SI\"}]}<\/script>\n<!-- \/ Yoast SEO plugin. -->","yoast_head_json":{"title":"Politika zasebnosti - Chiemsee Yachting","description":"Preberite vse o varstvu va\u0161ih podatkov pri Chiemsee Yachting. Va\u0161e varstvo podatkov nam je pomembno.","robots":{"index":"index","follow":"follow","max-snippet":"max-snippet:-1","max-image-preview":"max-image-preview:large","max-video-preview":"max-video-preview:-1"},"canonical":"https:\/\/chiemsee-yachting.com\/sl\/politika-zasebnosti\/","og_locale":"sl_SI","og_type":"article","og_title":"Politika zasebnosti - Chiemsee Yachting","og_description":"Preberite vse o varstvu va\u0161ih podatkov pri Chiemsee Yachting. Va\u0161e varstvo podatkov nam je pomembno.","og_url":"https:\/\/chiemsee-yachting.com\/sl\/politika-zasebnosti\/","og_site_name":"Chiemsee Yachting","article_modified_time":"2025-10-08T08:42:09+00:00","twitter_card":"summary_large_image","twitter_misc":{"Est. reading time":"10 minut"},"schema":{"@context":"https:\/\/schema.org","@graph":[{"@type":"WebPage","@id":"https:\/\/chiemsee-yachting.com\/sl\/politika-zasebnosti\/","url":"https:\/\/chiemsee-yachting.com\/sl\/politika-zasebnosti\/","name":"Politika zasebnosti - Chiemsee Yachting","isPartOf":{"@id":"https:\/\/chiemsee-yachting.com\/sl\/#website"},"datePublished":"2024-11-26T12:31:34+00:00","dateModified":"2025-10-08T08:42:09+00:00","description":"Preberite vse o varstvu va\u0161ih podatkov pri Chiemsee Yachting. Va\u0161e varstvo podatkov nam je pomembno.","breadcrumb":{"@id":"https:\/\/chiemsee-yachting.com\/sl\/politika-zasebnosti\/#breadcrumb"},"inLanguage":"sl-SI","potentialAction":[{"@type":"ReadAction","target":["https:\/\/chiemsee-yachting.com\/sl\/politika-zasebnosti\/"]}]},{"@type":"BreadcrumbList","@id":"https:\/\/chiemsee-yachting.com\/sl\/politika-zasebnosti\/#breadcrumb","itemListElement":[{"@type":"ListItem","position":1,"name":"Home","item":"https:\/\/chiemsee-yachting.com\/sl\/domov\/"},{"@type":"ListItem","position":2,"name":"Politika zasebnosti"}]},{"@type":"WebSite","@id":"https:\/\/chiemsee-yachting.com\/sl\/#website","url":"https:\/\/chiemsee-yachting.com\/sl\/","name":"Chiemsee Yachting","description":"","potentialAction":[{"@type":"SearchAction","target":{"@type":"EntryPoint","urlTemplate":"https:\/\/chiemsee-yachting.com\/sl\/?s={search_term_string}"},"query-input":{"@type":"PropertyValueSpecification","valueRequired":true,"valueName":"search_term_string"}}],"inLanguage":"sl-SI"}]}},"_links":{"self":[{"href":"https:\/\/chiemsee-yachting.com\/sl\/wp-json\/wp\/v2\/pages\/5482","targetHints":{"allow":["GET"]}}],"collection":[{"href":"https:\/\/chiemsee-yachting.com\/sl\/wp-json\/wp\/v2\/pages"}],"about":[{"href":"https:\/\/chiemsee-yachting.com\/sl\/wp-json\/wp\/v2\/types\/page"}],"author":[{"embeddable":true,"href":"https:\/\/chiemsee-yachting.com\/sl\/wp-json\/wp\/v2\/users\/1"}],"replies":[{"embeddable":true,"href":"https:\/\/chiemsee-yachting.com\/sl\/wp-json\/wp\/v2\/comments?post=5482"}],"version-history":[{"count":2,"href":"https:\/\/chiemsee-yachting.com\/sl\/wp-json\/wp\/v2\/pages\/5482\/revisions"}],"predecessor-version":[{"id":7869,"href":"https:\/\/chiemsee-yachting.com\/sl\/wp-json\/wp\/v2\/pages\/5482\/revisions\/7869"}],"wp:attachment":[{"href":"https:\/\/chiemsee-yachting.com\/sl\/wp-json\/wp\/v2\/media?parent=5482"}],"curies":[{"name":"wp","href":"https:\/\/api.w.org\/{rel}","templated":true}]}}